{"id":1411,"date":"2024-04-27T10:52:05","date_gmt":"2024-04-27T10:52:05","guid":{"rendered":"https:\/\/just-faster.com\/uber-uns\/"},"modified":"2026-02-04T16:30:47","modified_gmt":"2026-02-04T16:30:47","slug":"uber-uns","status":"publish","type":"page","link":"https:\/\/just-faster.com\/de\/uber-uns\/","title":{"rendered":"\u00dcber uns"},"content":{"rendered":"\n<div class=\"wp-block-group section-keyvisual\"><div class=\"wp-block-group__inner-container is-layout-constrained wp-block-group-is-layout-constrained\">\n<div class=\"wp-block-cover\"><img loading=\"lazy\" decoding=\"async\" width=\"1920\" height=\"500\" class=\"wp-block-cover__image-background wp-image-446\" alt=\"\" src=\"https:\/\/just-faster.com\/wp-content\/uploads\/2024\/05\/about-us-keyvisual-bck.jpg\" data-object-fit=\"cover\" srcset=\"https:\/\/just-faster.com\/wp-content\/uploads\/2024\/05\/about-us-keyvisual-bck.jpg 1920w, https:\/\/just-faster.com\/wp-content\/uploads\/2024\/05\/about-us-keyvisual-bck-300x78.jpg 300w, https:\/\/just-faster.com\/wp-content\/uploads\/2024\/05\/about-us-keyvisual-bck-1024x267.jpg 1024w, https:\/\/just-faster.com\/wp-content\/uploads\/2024\/05\/about-us-keyvisual-bck-768x200.jpg 768w, https:\/\/just-faster.com\/wp-content\/uploads\/2024\/05\/about-us-keyvisual-bck-1536x400.jpg 1536w\" sizes=\"auto, (max-width: 1920px) 100vw, 1920px\" \/><span aria-hidden=\"true\" class=\"wp-block-cover__background has-background-dim-0 has-background-dim\" style=\"background-color:#eeefef\"><\/span><div class=\"wp-block-cover__inner-container is-layout-constrained wp-block-cover-is-layout-constrained\">\n<div class=\"wp-block-group container\"><div class=\"wp-block-group__inner-container is-layout-constrained wp-block-group-is-layout-constrained\">\n<div style=\"height:4rem\" aria-hidden=\"true\" class=\"wp-block-spacer\"><\/div>\n\n\n\n<div class=\"wp-block-group section-keyvisual__title\"><div class=\"wp-block-group__inner-container is-layout-constrained wp-block-group-is-layout-constrained\">\n<h1 class=\"wp-block-heading has-text-align-center display-1\" style=\"padding-bottom:3rem\">\u00dcber uns<\/h1>\n\n\n\n<h2 class=\"wp-block-heading has-text-align-center\">Entdecken Sie die treibende Kraft hinter dem<br\/>Engagement der Just-Faster Group f\u00fcr Spitzenleistungen<\/h2>\n<\/div><\/div>\n\n\n\n<div style=\"height:4rem\" aria-hidden=\"true\" class=\"wp-block-spacer\"><\/div>\n<\/div><\/div>\n<\/div><\/div>\n<\/div><\/div>\n\n<div class=\"wp-block-group section-about-us-welcome section-style-normal-block\"><div class=\"wp-block-group__inner-container is-layout-constrained wp-block-group-is-layout-constrained\">\n<div class=\"wp-block-group container\"><div class=\"wp-block-group__inner-container is-layout-constrained wp-block-group-is-layout-constrained\">\n<div style=\"height:4rem\" aria-hidden=\"true\" class=\"wp-block-spacer\"><\/div>\n\n\n\n<div class=\"wp-block-group section-style-normal-block__title\"><div class=\"wp-block-group__inner-container is-layout-constrained wp-block-group-is-layout-constrained\">\n<p class=\"has-text-align-center\" style=\"padding-top:0;padding-right:0;padding-bottom:0;padding-left:0\">Willkommen bei der Just-Faster Group, einer dynamischen Kraft, die Innovation und Exzellenz in der Wirtschaft vorantreibt. Mit unserer nachweislichen Erfolgsgeschichte und unserer Verpflichtung, au\u00dfergew\u00f6hnliche Ergebnisse zu liefern, sind wir ein zuverl\u00e4ssiger Partner f\u00fcr Unternehmen, die im heutigen Wettbewerb erfolgreich sein wollen. Als Vorreiter bei der Integration von Technologien und der Entwicklung von L\u00f6sungen erm\u00f6glichen wir es Unternehmen, Prozesse zu rationalisieren, die Produktivit\u00e4t zu steigern und neue Wachstumsm\u00f6glichkeiten zu erschlie\u00dfen. Wir von der Just-Faster Group wollen Ihnen helfen, Ihre Ziele zu erreichen und das Gew\u00f6hnliche zu \u00fcbertreffen.<\/p>\n<\/div><\/div>\n\n\n\n<div style=\"height:2rem;width:0px\" aria-hidden=\"true\" class=\"wp-block-spacer\"><\/div>\n\n\n\n<div class=\"wp-block-group section-style-normal-block__btn is-content-justification-center is-nowrap is-layout-flex wp-container-core-group-is-layout-94bc23d7 wp-block-group-is-layout-flex\">\n<p class=\"button-container\"><a href=\"https:\/\/just-faster.com\/de\/loesungen\/\" data-type=\"page\" data-id=\"20\">mehr erfahren<\/a><\/p>\n<\/div>\n\n\n\n<div style=\"height:4rem\" aria-hidden=\"true\" class=\"wp-block-spacer\"><\/div>\n<\/div><\/div>\n<\/div><\/div>\n\n<div class=\"wp-block-group section-our-management section-bck-1\"><div class=\"wp-block-group__inner-container is-layout-constrained wp-block-group-is-layout-constrained\">\n<div class=\"wp-block-group container\"><div class=\"wp-block-group__inner-container is-layout-constrained wp-block-group-is-layout-constrained\">\n<div style=\"height:4rem\" aria-hidden=\"true\" class=\"wp-block-spacer\"><\/div>\n\n\n\n<h2 class=\"wp-block-heading has-text-align-center mb-0\">Unser Management <strong>Team<\/strong><\/h2>\n<\/div><\/div>\n\n\n\n<div class=\"wp-block-group container p-0\"><div class=\"wp-block-group__inner-container is-layout-constrained wp-block-group-is-layout-constrained\">\n<div class=\"wp-block-group\"><div class=\"wp-block-group__inner-container is-layout-constrained wp-block-group-is-layout-constrained\">\n<div id=\"carouselOurManagement\" class=\"carousel slide\" data-bs-ride=\"carousel\">\n    <div class=\"carousel-indicators\">\n        <button type=\"button\" data-bs-target=\"#carouselOurManagement\" data-bs-slide-to=\"0\" class=\"active\" aria-current=\"true\" aria-label=\"Slide 1\"><\/button>\n\n        <button type=\"button\" data-bs-target=\"#carouselOurManagement\" data-bs-slide-to=\"1\" aria-label=\"Slide 2\"><\/button>\n\n        <button type=\"button\" data-bs-target=\"#carouselOurManagement\" data-bs-slide-to=\"2\" aria-label=\"Slide 3\"><\/button>\n        <button type=\"button\" data-bs-target=\"#carouselOurManagement\" data-bs-slide-to=\"3\" aria-label=\"Slide 4\"><\/button>\n        <button type=\"button\" data-bs-target=\"#carouselOurManagement\" data-bs-slide-to=\"4\" aria-label=\"Slide 5\"><\/button>\n    <\/div>\n    <div class=\"carousel-inner\">\n        <div class=\"carousel-item active\">\n            <div class=\"section-our-management__item\">\n                <div class=\"section-our-management__item-inner section-box-style-1\">\n                    <div class=\"section-our-management__img\">\n                        <img decoding=\"async\" src=\"https:\/\/just-faster.com\/wp-content\/uploads\/2026\/02\/philipp-sander-140x140-1.jpg\" alt=\"philipp-sander\"\/>\n                    <\/div>\n                    <div class=\"section-our-management__content\">\n                        <p>\n  Philipp gr\u00fcndete QPES im Jahr 2007 und war zun\u00e4chst als\n Interimsmanager im Bereich Software und Mergers &#038;\n Akquisitionen t\u00e4tig, bevor er 2014 Managing Partner\n wurde und den Fokus des Unternehmens auf das\n Systemintegrationsgesch\u00e4ft rund um OpenText und SAP\n L\u00f6sungen und Cloud Services neu ausrichtete. Seit 2022 ist er\n Sprecher des Vorstands und\n beaufsichtigt die strategische Ausrichtung und den gesch\u00e4ftlichen\n Wohlstand des Unternehmens. Philipps Streben nach\n Innovation in Kombination mit seinem Engagement f\u00fcr die Zufriedenheit von Partnern und\n Kunden f\u00fchrte dazu, dass er\n das Unternehmen erfolgreich zur weltweit\n gr\u00f6\u00dften erweiterten Beratungswerkbank von OpenText mit\n Kompetenzen f\u00fcr die meisten OpenText-, SAP\n L\u00f6sungen und Cloud-Services entwickelte.  \n                        <\/p>\n                        <p>\n  Vor der Gr\u00fcndung von QPES leitete Philipp\n Gesch\u00e4ftsentwicklungs-, Marketing- und Vertriebsteams in\n der Schweiz, Europa und weltweit und war\n Mitgr\u00fcnder, Gesellschafter und Vorstandsmitglied verschiedener\n Start-up- und Scale-up-Unternehmen. Im Jahr 2022 war Philipp\n auch Gr\u00fcnder, Mitbegr\u00fcnder und Sprecher der\n Vorst\u00e4nde von Cirro Cloud Solutions, einem \u00f6ffentlichen\n Cloud-Dienstleister, Fortuna-Service, einem\n ServiceNow-Systemintegrator und Beratungsunternehmen f\u00fcr Berechnungsmethoden\n und der Just-Faster Group, einem\n Unternehmen f\u00fcr Unternehmensdienstleistungen. \n                        <\/p>\n                        <p class=\"mb-0\">\n                            <strong>Philipp Sander,<\/strong>\n                        <\/p>\n                        <p class=\"mb-0\">\n                            <strong>Sprecher der Gesch\u00e4ftsleitung, Strategie und\n Gesch\u00e4ftsentwicklung<\/strong>\n                        <\/p>\n                    <\/div>\n                <\/div>\n            <\/div>\n        <\/div>\n        <div class=\"carousel-item\">\n            <div class=\"section-our-management__item\">\n                <div class=\"section-our-management__item-inner section-box-style-1\">\n                    <div class=\"section-our-management__img\">\n                        <img decoding=\"async\" src=\"https:\/\/just-faster.com\/wp-content\/uploads\/2026\/02\/brigitte-sander-140x140-1.jpg\" alt=\"Brigitte Sander\"\/>\n                    <\/div>\n                    <div class=\"section-our-management__content\">\n                        <p class=\"mb-0\">\n                            <strong>Brigitte Sander,<\/strong>\n                        <\/p>\n                        <p class=\"mb-0\">\n                            <strong>Mitglied des Vorstands, Finanzen und\n Controlling<\/strong>\n                        <\/p>\n                    <\/div>\n                <\/div>\n            <\/div>\n        <\/div>\n        <div class=\"carousel-item\">\n            <div class=\"section-our-management__item\">\n                <div class=\"section-our-management__item-inner section-box-style-1\">\n                    <div class=\"section-our-management__img\">\n                        <img decoding=\"async\" src=\"https:\/\/just-faster.com\/wp-content\/uploads\/2026\/02\/danijel-valentic-140x140-1.jpg\" alt=\"Danijel Valentic\"\/>\n                    <\/div>\n                    <div class=\"section-our-management__content\">\n                        <p class=\"mb-0\">\n                            <strong>Danijel Valentic,<\/strong>\n                        <\/p>\n                        <p class=\"mb-0\">\n                            <strong>Mitglied des Vorstands, OpenText, SAP &#038; BPO Domain\n Management<\/strong>\n                        <\/p>\n                    <\/div>\n                <\/div>\n            <\/div>\n        <\/div>\n        <div class=\"carousel-item\">\n            <div class=\"section-our-management__item\">\n                <div class=\"section-our-management__item-inner section-box-style-1\">\n                    <div class=\"section-our-management__img\">\n                        <img decoding=\"async\" src=\"https:\/\/just-faster.com\/wp-content\/uploads\/2026\/02\/viktor-stevkovski-140x140-1.jpg\" alt=\"Viktor Stevkovski\"\/>\n                    <\/div>\n                    <div class=\"section-our-management__content\">\n                        <p class=\"mb-0\">\n                            <strong>Viktor Stevkovski,<\/strong>\n                        <\/p>\n                        <p class=\"mb-0\">\n                            <strong>Mitglied des Vorstands, Beschaffung, Lieferung &#038;\n Operations Management<\/strong>\n                        <\/p>\n                    <\/div>\n                <\/div>\n            <\/div>\n        <\/div>\n        <div class=\"carousel-item\">\n            <div class=\"section-our-management__item\">\n                <div class=\"section-our-management__item-inner section-box-style-1\">\n                    <div class=\"section-our-management__img\">\n                        <img decoding=\"async\" src=\"https:\/\/just-faster.com\/wp-content\/uploads\/2026\/02\/dejan-shindilovski-140x140-1.jpg\" alt=\"Dejan Schindilovski\"\/>\n                    <\/div>\n                    <div class=\"section-our-management__content\">\n                        <p class=\"mb-0\">\n                            <strong>Dejan Shindilovski,<\/strong>\n                        <\/p>\n                        <p class=\"mb-0\">\n                            <strong>Mitglied des Vorstands, Marketing &#038; Vertrieb\n Management<\/strong>\n                        <\/p>\n                    <\/div>\n                <\/div>\n            <\/div>\n        <\/div>\n    <\/div>\n     <button class=\"carousel-control-prev\" type=\"button\" data-bs-target=\"#carouselOurManagement\" data-bs-slide=\"prev\">\n        <span class=\"carousel-control-prev-icon\" aria-hidden=\"true\"><\/span>\n        <span class=\"visually-hidden\">Vorherige<\/span>\n    <\/button>\n    <button class=\"carousel-control-next\" type=\"button\" data-bs-target=\"#carouselOurManagement\" data-bs-slide=\"next\">\n        <span class=\"carousel-control-next-icon\" aria-hidden=\"true\"><\/span>\n        <span class=\"visually-hidden\">N\u00e4chste<\/span>\n    <\/button> \n<\/div>\n<\/div><\/div>\n\n\n\n<div style=\"height:4rem\" aria-hidden=\"true\" class=\"wp-block-spacer\"><\/div>\n<\/div><\/div>\n<\/div><\/div>\n","protected":false},"excerpt":{"rendered":"<p>Willkommen bei der Just-Faster Group, einer dynamischen Kraft, die Innovation und Exzellenz in der Wirtschaft vorantreibt. Mit unserer nachweislichen Erfolgsgeschichte und unserer Verpflichtung, au\u00dfergew\u00f6hnliche Ergebnisse zu liefern, sind wir ein zuverl\u00e4ssiger Partner f\u00fcr Unternehmen, die im heutigen Wettbewerb erfolgreich sein wollen. Als Vorreiter bei der Integration von Technologien und der Entwicklung von L\u00f6sungen erm\u00f6glichen wir [&hellip;]<\/p>\n","protected":false},"author":1,"featured_media":0,"parent":0,"menu_order":0,"comment_status":"closed","ping_status":"closed","template":"","meta":{"om_disable_all_campaigns":false,"_monsterinsights_skip_tracking":false,"_monsterinsights_sitenote_active":false,"_monsterinsights_sitenote_note":"","_monsterinsights_sitenote_category":0,"footnotes":""},"class_list":["post-1411","page","type-page","status-publish","hentry"],"aioseo_notices":[],"_links":{"self":[{"href":"https:\/\/just-faster.com\/de\/wp-json\/wp\/v2\/pages\/1411","targetHints":{"allow":["GET"]}}],"collection":[{"href":"https:\/\/just-faster.com\/de\/wp-json\/wp\/v2\/pages"}],"about":[{"href":"https:\/\/just-faster.com\/de\/wp-json\/wp\/v2\/types\/page"}],"author":[{"embeddable":true,"href":"https:\/\/just-faster.com\/de\/wp-json\/wp\/v2\/users\/1"}],"replies":[{"embeddable":true,"href":"https:\/\/just-faster.com\/de\/wp-json\/wp\/v2\/comments?post=1411"}],"version-history":[{"count":7,"href":"https:\/\/just-faster.com\/de\/wp-json\/wp\/v2\/pages\/1411\/revisions"}],"predecessor-version":[{"id":3900,"href":"https:\/\/just-faster.com\/de\/wp-json\/wp\/v2\/pages\/1411\/revisions\/3900"}],"wp:attachment":[{"href":"https:\/\/just-faster.com\/de\/wp-json\/wp\/v2\/media?parent=1411"}],"curies":[{"name":"wp","href":"https:\/\/api.w.org\/{rel}","templated":true}]}}