{"id":1415,"date":"2024-04-27T10:52:13","date_gmt":"2024-04-27T10:52:13","guid":{"rendered":"https:\/\/just-faster.com\/karriere\/"},"modified":"2024-06-07T09:52:51","modified_gmt":"2024-06-07T09:52:51","slug":"karriere","status":"publish","type":"page","link":"https:\/\/just-faster.com\/de\/karriere\/","title":{"rendered":"Karriere"},"content":{"rendered":"\n<div class=\"wp-block-group section-keyvisual\"><div class=\"wp-block-group__inner-container is-layout-constrained wp-block-group-is-layout-constrained\">\n<div class=\"wp-block-cover\"><span aria-hidden=\"true\" class=\"wp-block-cover__background has-background-dim-0 has-background-dim\" style=\"background-color:#eeefef\"><\/span><img loading=\"lazy\" decoding=\"async\" width=\"1920\" height=\"500\" class=\"wp-block-cover__image-background wp-image-924\" alt=\"Just-Faster\" src=\"https:\/\/just-faster.com\/wp-content\/uploads\/2024\/05\/careers-bck.jpg\" data-object-fit=\"cover\" srcset=\"https:\/\/just-faster.com\/wp-content\/uploads\/2024\/05\/careers-bck.jpg 1920w, https:\/\/just-faster.com\/wp-content\/uploads\/2024\/05\/careers-bck-300x78.jpg 300w, https:\/\/just-faster.com\/wp-content\/uploads\/2024\/05\/careers-bck-1024x267.jpg 1024w, https:\/\/just-faster.com\/wp-content\/uploads\/2024\/05\/careers-bck-768x200.jpg 768w, https:\/\/just-faster.com\/wp-content\/uploads\/2024\/05\/careers-bck-1536x400.jpg 1536w\" sizes=\"auto, (max-width: 1920px) 100vw, 1920px\" \/><div class=\"wp-block-cover__inner-container is-layout-constrained wp-block-cover-is-layout-constrained\">\n<div class=\"wp-block-group container\"><div class=\"wp-block-group__inner-container is-layout-constrained wp-block-group-is-layout-constrained\">\n<div style=\"height:4rem\" aria-hidden=\"true\" class=\"wp-block-spacer\"><\/div>\n\n\n\n<div class=\"wp-block-group section-keyvisual__title section-max-960\"><div class=\"wp-block-group__inner-container is-layout-constrained wp-block-group-is-layout-constrained\">\n<h1 class=\"wp-block-heading has-text-align-center display-1 mb-0\" style=\"padding-bottom:3rem\">Karriere<\/h1>\n\n\n\n<h2 class=\"wp-block-heading has-text-align-center\" style=\"padding-bottom:2rem\">Entdecken Sie aufregende M\u00f6glichkeiten bei der Just-Faster Group<\/h2>\n\n\n\n<p class=\"has-text-align-center\">Suchen Sie nach einer lohnenden Karriere? Bei der Just-Faster Group bieten wir aufregende M\u00f6glichkeiten f\u00fcr Wachstum und Entwicklung. Werfen Sie einen Blick auf unser Expertenteam und die aktuellen Stellenangebote. Schlie\u00dfen Sie sich unserem Team an und werden Sie Teil einer dynamischen, leidenschaftlichen Gemeinschaft, die sich in allem, was wir tun, f\u00fcr Spitzenleistungen einsetzt.<\/p>\n<\/div><\/div>\n\n\n\n<div style=\"height:4rem\" aria-hidden=\"true\" class=\"wp-block-spacer\"><\/div>\n<\/div><\/div>\n<\/div><\/div>\n<\/div><\/div>\n\n<div class=\"wp-block-group section-meet-job\"><div class=\"wp-block-group__inner-container is-layout-constrained wp-block-group-is-layout-constrained\">\n<div class=\"wp-block-cover is-light\"><span aria-hidden=\"true\" class=\"wp-block-cover__background has-background-dim-0 has-background-dim\"><\/span><img loading=\"lazy\" decoding=\"async\" width=\"1920\" height=\"900\" class=\"wp-block-cover__image-background wp-image-933\" alt=\"Just-Faster\" src=\"https:\/\/just-faster.com\/wp-content\/uploads\/2024\/05\/careers-meet-job-1.jpg\" data-object-fit=\"cover\" srcset=\"https:\/\/just-faster.com\/wp-content\/uploads\/2024\/05\/careers-meet-job-1.jpg 1920w, https:\/\/just-faster.com\/wp-content\/uploads\/2024\/05\/careers-meet-job-1-300x141.jpg 300w, https:\/\/just-faster.com\/wp-content\/uploads\/2024\/05\/careers-meet-job-1-1024x480.jpg 1024w, https:\/\/just-faster.com\/wp-content\/uploads\/2024\/05\/careers-meet-job-1-768x360.jpg 768w, https:\/\/just-faster.com\/wp-content\/uploads\/2024\/05\/careers-meet-job-1-1536x720.jpg 1536w\" sizes=\"auto, (max-width: 1920px) 100vw, 1920px\" \/><div class=\"wp-block-cover__inner-container is-layout-constrained wp-block-cover-is-layout-constrained\">\n<div class=\"wp-block-group container\"><div class=\"wp-block-group__inner-container is-layout-constrained wp-block-group-is-layout-constrained\">\n<div style=\"height:4rem\" aria-hidden=\"true\" class=\"wp-block-spacer\"><\/div>\n\n\n\n<div class=\"wp-block-group section-meet-job__list is-content-justification-center is-layout-flex wp-container-core-group-is-layout-eb4edde9 wp-block-group-is-layout-flex\">\n<div class=\"wp-block-group section-meet-job__item\"><div class=\"wp-block-group__inner-container is-layout-constrained wp-block-group-is-layout-constrained\">\n<div class=\"wp-block-group section-meet-job__media\"><div class=\"wp-block-group__inner-container is-layout-constrained wp-block-group-is-layout-constrained\">\n<figure class=\"wp-block-image size-full\"><img loading=\"lazy\" decoding=\"async\" width=\"960\" height=\"640\" src=\"https:\/\/just-faster.com\/wp-content\/uploads\/2024\/05\/careers-meet-the-team.jpg\" alt=\"Just-Faster\" class=\"wp-image-945\" srcset=\"https:\/\/just-faster.com\/wp-content\/uploads\/2024\/05\/careers-meet-the-team.jpg 960w, https:\/\/just-faster.com\/wp-content\/uploads\/2024\/05\/careers-meet-the-team-300x200.jpg 300w, https:\/\/just-faster.com\/wp-content\/uploads\/2024\/05\/careers-meet-the-team-768x512.jpg 768w\" sizes=\"auto, (max-width: 960px) 100vw, 960px\" \/><\/figure>\n<\/div><\/div>\n\n\n\n<div class=\"wp-block-group section-meet-job__content\"><div class=\"wp-block-group__inner-container is-layout-constrained wp-block-group-is-layout-constrained\">\n<div class=\"wp-block-group section-meet-job__title equal-heights-1\"><div class=\"wp-block-group__inner-container is-layout-constrained wp-block-group-is-layout-constrained\">\n<h4 class=\"wp-block-heading\">Treffen Sie das Team<\/h4>\n<\/div><\/div>\n\n\n\n<div class=\"wp-block-group section-meet-job__excerpt equal-heights-2\"><div class=\"wp-block-group__inner-container is-layout-constrained wp-block-group-is-layout-constrained\">\n<p>Unser gr\u00f6\u00dftes Kapital bei der Just-Faster Group ist unser Team, das unterschiedliche Talente und Fachkenntnisse zusammenbringt, um au\u00dfergew\u00f6hnliche Ergebnisse zu erzielen.<\/p>\n<\/div><\/div>\n\n\n\n<div class=\"wp-block-group section-meet-job__lnk\"><div class=\"wp-block-group__inner-container is-layout-constrained wp-block-group-is-layout-constrained\">\n<p><a href=\"https:\/\/just-faster.com\/de\/treffen-sie-das-team\/\" data-type=\"page\" data-id=\"26\">&#8230; Mehr lesen &gt;&gt;<\/a><\/p>\n<\/div><\/div>\n<\/div><\/div>\n<\/div><\/div>\n\n\n\n<div class=\"wp-block-group section-meet-job__item\"><div class=\"wp-block-group__inner-container is-layout-constrained wp-block-group-is-layout-constrained\">\n<div class=\"wp-block-group section-meet-job__media\"><div class=\"wp-block-group__inner-container is-layout-constrained wp-block-group-is-layout-constrained\">\n<figure class=\"wp-block-image size-full\"><img loading=\"lazy\" decoding=\"async\" width=\"960\" height=\"640\" src=\"https:\/\/just-faster.com\/wp-content\/uploads\/2024\/05\/careers-job-openings.jpg\" alt=\"Just-Faster\" class=\"wp-image-944\" srcset=\"https:\/\/just-faster.com\/wp-content\/uploads\/2024\/05\/careers-job-openings.jpg 960w, https:\/\/just-faster.com\/wp-content\/uploads\/2024\/05\/careers-job-openings-300x200.jpg 300w, https:\/\/just-faster.com\/wp-content\/uploads\/2024\/05\/careers-job-openings-768x512.jpg 768w\" sizes=\"auto, (max-width: 960px) 100vw, 960px\" \/><\/figure>\n<\/div><\/div>\n\n\n\n<div class=\"wp-block-group section-meet-job__content\"><div class=\"wp-block-group__inner-container is-layout-constrained wp-block-group-is-layout-constrained\">\n<div class=\"wp-block-group section-meet-job__title equal-heights-1\"><div class=\"wp-block-group__inner-container is-layout-constrained wp-block-group-is-layout-constrained\">\n<h4 class=\"wp-block-heading\">Offene Stellen<\/h4>\n<\/div><\/div>\n\n\n\n<div class=\"wp-block-group section-meet-job__excerpt equal-heights-2\"><div class=\"wp-block-group__inner-container is-layout-constrained wp-block-group-is-layout-constrained\">\n<p>Informieren Sie sich \u00fcber unsere aktuellen Stellenangebote und entdecken Sie die M\u00f6glichkeiten, Ihre Karriere voranzutreiben und gleichzeitig etwas in der dynamischen Welt der Beratung und Technologie zu bewirken.<\/p>\n<\/div><\/div>\n\n\n\n<div class=\"wp-block-group section-meet-job__lnk\"><div class=\"wp-block-group__inner-container is-layout-constrained wp-block-group-is-layout-constrained\">\n<p><a href=\"https:\/\/just-faster.com\/de\/offene-stellen\/\" data-type=\"page\" data-id=\"28\">&#8230; Mehr lesen &gt;&gt;<\/a><\/p>\n<\/div><\/div>\n<\/div><\/div>\n<\/div><\/div>\n<\/div>\n\n\n\n<div style=\"height:4rem\" aria-hidden=\"true\" class=\"wp-block-spacer\"><\/div>\n<\/div><\/div>\n<\/div><\/div>\n<\/div><\/div>\n","protected":false},"excerpt":{"rendered":"","protected":false},"author":1,"featured_media":0,"parent":0,"menu_order":0,"comment_status":"closed","ping_status":"closed","template":"","meta":{"om_disable_all_campaigns":false,"_monsterinsights_skip_tracking":false,"_monsterinsights_sitenote_active":false,"_monsterinsights_sitenote_note":"","_monsterinsights_sitenote_category":0,"footnotes":""},"class_list":["post-1415","page","type-page","status-publish","hentry"],"aioseo_notices":[],"_links":{"self":[{"href":"https:\/\/just-faster.com\/de\/wp-json\/wp\/v2\/pages\/1415","targetHints":{"allow":["GET"]}}],"collection":[{"href":"https:\/\/just-faster.com\/de\/wp-json\/wp\/v2\/pages"}],"about":[{"href":"https:\/\/just-faster.com\/de\/wp-json\/wp\/v2\/types\/page"}],"author":[{"embeddable":true,"href":"https:\/\/just-faster.com\/de\/wp-json\/wp\/v2\/users\/1"}],"replies":[{"embeddable":true,"href":"https:\/\/just-faster.com\/de\/wp-json\/wp\/v2\/comments?post=1415"}],"version-history":[{"count":3,"href":"https:\/\/just-faster.com\/de\/wp-json\/wp\/v2\/pages\/1415\/revisions"}],"predecessor-version":[{"id":1418,"href":"https:\/\/just-faster.com\/de\/wp-json\/wp\/v2\/pages\/1415\/revisions\/1418"}],"wp:attachment":[{"href":"https:\/\/just-faster.com\/de\/wp-json\/wp\/v2\/media?parent=1415"}],"curies":[{"name":"wp","href":"https:\/\/api.w.org\/{rel}","templated":true}]}}