{"id":1419,"date":"2024-04-27T10:52:22","date_gmt":"2024-04-27T10:52:22","guid":{"rendered":"https:\/\/just-faster.com\/treffen-sie-das-team\/"},"modified":"2026-02-12T08:47:17","modified_gmt":"2026-02-12T08:47:17","slug":"treffen-sie-das-team","status":"publish","type":"page","link":"https:\/\/just-faster.com\/de\/treffen-sie-das-team\/","title":{"rendered":"Treffen Sie das Team"},"content":{"rendered":"\n<div class=\"wp-block-group section-keyvisual\"><div class=\"wp-block-group__inner-container is-layout-constrained wp-block-group-is-layout-constrained\">\n<div class=\"wp-block-cover\"><img loading=\"lazy\" decoding=\"async\" width=\"1920\" height=\"500\" class=\"wp-block-cover__image-background wp-image-716\" alt=\"Just-Faster\" src=\"https:\/\/just-faster.com\/wp-content\/uploads\/2024\/05\/meet-the-team-keyvisual-bck.jpg\" data-object-fit=\"cover\" srcset=\"https:\/\/just-faster.com\/wp-content\/uploads\/2024\/05\/meet-the-team-keyvisual-bck.jpg 1920w, https:\/\/just-faster.com\/wp-content\/uploads\/2024\/05\/meet-the-team-keyvisual-bck-300x78.jpg 300w, https:\/\/just-faster.com\/wp-content\/uploads\/2024\/05\/meet-the-team-keyvisual-bck-1024x267.jpg 1024w, https:\/\/just-faster.com\/wp-content\/uploads\/2024\/05\/meet-the-team-keyvisual-bck-768x200.jpg 768w, https:\/\/just-faster.com\/wp-content\/uploads\/2024\/05\/meet-the-team-keyvisual-bck-1536x400.jpg 1536w\" sizes=\"auto, (max-width: 1920px) 100vw, 1920px\" \/><span aria-hidden=\"true\" class=\"wp-block-cover__background has-background-dim-0 has-background-dim\" style=\"background-color:#eeefef\"><\/span><div class=\"wp-block-cover__inner-container is-layout-constrained wp-block-cover-is-layout-constrained\">\n<div class=\"wp-block-group container\"><div class=\"wp-block-group__inner-container is-layout-constrained wp-block-group-is-layout-constrained\">\n<div style=\"height:4rem\" aria-hidden=\"true\" class=\"wp-block-spacer\"><\/div>\n\n\n\n<div class=\"wp-block-group section-keyvisual__title section-max-960\"><div class=\"wp-block-group__inner-container is-layout-constrained wp-block-group-is-layout-constrained\">\n<h1 class=\"wp-block-heading has-text-align-center display-1\" style=\"padding-bottom:3rem\">Treffen Sie das Team<\/h1>\n\n\n\n<h2 class=\"wp-block-heading has-text-align-center\">Lernen Sie die Gesichter hinter der Just-Faster Group kennen:<br\/>Unser talentiertes Team treibt Innovationen voran<\/h2>\n<\/div><\/div>\n\n\n\n<div style=\"height:4rem\" aria-hidden=\"true\" class=\"wp-block-spacer\"><\/div>\n<\/div><\/div>\n<\/div><\/div>\n<\/div><\/div>\n\n<div class=\"wp-block-group section-meet-the-team-people\"><div class=\"wp-block-group__inner-container is-layout-constrained wp-block-group-is-layout-constrained\">\n<div class=\"wp-block-cover is-light\"><img loading=\"lazy\" decoding=\"async\" width=\"1920\" height=\"1700\" class=\"wp-block-cover__image-background wp-image-736\" alt=\"Just-Faster\" src=\"https:\/\/just-faster.com\/wp-content\/uploads\/2024\/05\/meet-the-team-people-bck.jpg\" data-object-fit=\"cover\" srcset=\"https:\/\/just-faster.com\/wp-content\/uploads\/2024\/05\/meet-the-team-people-bck.jpg 1920w, https:\/\/just-faster.com\/wp-content\/uploads\/2024\/05\/meet-the-team-people-bck-300x266.jpg 300w, https:\/\/just-faster.com\/wp-content\/uploads\/2024\/05\/meet-the-team-people-bck-1024x907.jpg 1024w, https:\/\/just-faster.com\/wp-content\/uploads\/2024\/05\/meet-the-team-people-bck-768x680.jpg 768w, https:\/\/just-faster.com\/wp-content\/uploads\/2024\/05\/meet-the-team-people-bck-1536x1360.jpg 1536w\" sizes=\"auto, (max-width: 1920px) 100vw, 1920px\" \/><span aria-hidden=\"true\" class=\"wp-block-cover__background has-background-dim-0 has-background-dim\"><\/span><div class=\"wp-block-cover__inner-container is-layout-constrained wp-block-cover-is-layout-constrained\">\n<div class=\"wp-block-group container\"><div class=\"wp-block-group__inner-container is-layout-constrained wp-block-group-is-layout-constrained\">\n<div style=\"height:4rem\" aria-hidden=\"true\" class=\"wp-block-spacer\"><\/div>\n\n\n\n<div class=\"wp-block-group section-meet-the-team__title\"><div class=\"wp-block-group__inner-container is-layout-constrained wp-block-group-is-layout-constrained\">\n<h2 class=\"wp-block-heading has-text-align-center\" style=\"padding-bottom:3rem\">Konzernvorstand Management<\/h2>\n<\/div><\/div>\n\n\n\n<div style=\"height:1rem\" aria-hidden=\"true\" class=\"wp-block-spacer\"><\/div>\n\n\n\n<div class=\"wp-block-group section-meet-the-team__list is-content-justification-center is-layout-flex wp-container-core-group-is-layout-6274c98b wp-block-group-is-layout-flex\">\n<div class=\"wp-block-group section-meet-the-team__item\"><div class=\"wp-block-group__inner-container is-layout-constrained wp-block-group-is-layout-constrained\">\n<figure class=\"wp-block-image size-full is-style-rounded\"><img loading=\"lazy\" decoding=\"async\" width=\"600\" height=\"600\" src=\"https:\/\/just-faster.com\/wp-content\/uploads\/2024\/05\/Philipp.png\" alt=\"Philipp\" class=\"wp-image-1193\" style=\"aspect-ratio:1;object-fit:cover\" srcset=\"https:\/\/just-faster.com\/wp-content\/uploads\/2024\/05\/Philipp.png 600w, https:\/\/just-faster.com\/wp-content\/uploads\/2024\/05\/Philipp-300x300.png 300w, https:\/\/just-faster.com\/wp-content\/uploads\/2024\/05\/Philipp-150x150.png 150w\" sizes=\"auto, (max-width: 600px) 100vw, 600px\" \/><\/figure>\n\n\n\n<h4 class=\"wp-block-heading has-text-align-center equal-heights-1\" style=\"padding-bottom:1rem\">Philipp<br\/>Sander<\/h4>\n\n\n\n<p class=\"has-text-align-center\">Sprecher des Vorstands der<br\/>Group<\/p>\n<\/div><\/div>\n\n\n\n<div class=\"wp-block-group section-meet-the-team__item\"><div class=\"wp-block-group__inner-container is-layout-constrained wp-block-group-is-layout-constrained\">\n<figure class=\"wp-block-image size-full is-style-rounded\"><img loading=\"lazy\" decoding=\"async\" width=\"600\" height=\"600\" src=\"https:\/\/just-faster.com\/wp-content\/uploads\/2024\/05\/Brigitte.png\" alt=\"Brigitte\" class=\"wp-image-1189\" style=\"aspect-ratio:1;object-fit:cover\" srcset=\"https:\/\/just-faster.com\/wp-content\/uploads\/2024\/05\/Brigitte.png 600w, https:\/\/just-faster.com\/wp-content\/uploads\/2024\/05\/Brigitte-300x300.png 300w, https:\/\/just-faster.com\/wp-content\/uploads\/2024\/05\/Brigitte-150x150.png 150w\" sizes=\"auto, (max-width: 600px) 100vw, 600px\" \/><\/figure>\n\n\n\n<h4 class=\"wp-block-heading has-text-align-center equal-heights-1\" style=\"padding-bottom:1rem\">Brigitte<br\/>Sander<\/h4>\n\n\n\n<p class=\"has-text-align-center\">Mitglied des Vorstands der<br\/>Group<\/p>\n<\/div><\/div>\n\n\n\n<div class=\"wp-block-group section-meet-the-team__item\"><div class=\"wp-block-group__inner-container is-layout-constrained wp-block-group-is-layout-constrained\">\n<figure class=\"wp-block-image size-full is-style-rounded\"><img loading=\"lazy\" decoding=\"async\" width=\"600\" height=\"600\" src=\"https:\/\/just-faster.com\/wp-content\/uploads\/2024\/05\/Danijel.png\" alt=\"Danijel\" class=\"wp-image-1187\" style=\"aspect-ratio:1;object-fit:cover\" srcset=\"https:\/\/just-faster.com\/wp-content\/uploads\/2024\/05\/Danijel.png 600w, https:\/\/just-faster.com\/wp-content\/uploads\/2024\/05\/Danijel-300x300.png 300w, https:\/\/just-faster.com\/wp-content\/uploads\/2024\/05\/Danijel-150x150.png 150w\" sizes=\"auto, (max-width: 600px) 100vw, 600px\" \/><\/figure>\n\n\n\n<h4 class=\"wp-block-heading has-text-align-center equal-heights-1\" style=\"padding-bottom:1rem\">Danijel<br\/>Valentic<\/h4>\n\n\n\n<p class=\"has-text-align-center\">Mitglied des Vorstands der<br\/>Group<\/p>\n<\/div><\/div>\n\n\n\n<div class=\"wp-block-group section-meet-the-team__item\"><div class=\"wp-block-group__inner-container is-layout-constrained wp-block-group-is-layout-constrained\">\n<figure class=\"wp-block-image size-full is-style-rounded\"><img loading=\"lazy\" decoding=\"async\" width=\"600\" height=\"600\" src=\"https:\/\/just-faster.com\/wp-content\/uploads\/2024\/05\/PhilipGruber.png\" alt=\"PhilipGruber\" class=\"wp-image-1179\" style=\"aspect-ratio:1;object-fit:cover\" srcset=\"https:\/\/just-faster.com\/wp-content\/uploads\/2024\/05\/PhilipGruber.png 600w, https:\/\/just-faster.com\/wp-content\/uploads\/2024\/05\/PhilipGruber-300x300.png 300w, https:\/\/just-faster.com\/wp-content\/uploads\/2024\/05\/PhilipGruber-150x150.png 150w\" sizes=\"auto, (max-width: 600px) 100vw, 600px\" \/><\/figure>\n\n\n\n<h4 class=\"wp-block-heading has-text-align-center equal-heights-1\" style=\"padding-bottom:1rem\">Philip<br\/>Gruber<\/h4>\n\n\n\n<p class=\"has-text-align-center\">Mitglied des Vorstands der<br\/>Group<\/p>\n<\/div><\/div>\n\n\n\n<div class=\"wp-block-group section-meet-the-team__item\"><div class=\"wp-block-group__inner-container is-layout-constrained wp-block-group-is-layout-constrained\">\n<figure class=\"wp-block-image size-full is-style-rounded\"><img loading=\"lazy\" decoding=\"async\" width=\"600\" height=\"600\" src=\"https:\/\/just-faster.com\/wp-content\/uploads\/2024\/05\/Viktor.png\" alt=\"Viktor\" class=\"wp-image-1185\" style=\"aspect-ratio:1;object-fit:cover\" srcset=\"https:\/\/just-faster.com\/wp-content\/uploads\/2024\/05\/Viktor.png 600w, https:\/\/just-faster.com\/wp-content\/uploads\/2024\/05\/Viktor-300x300.png 300w, https:\/\/just-faster.com\/wp-content\/uploads\/2024\/05\/Viktor-150x150.png 150w\" sizes=\"auto, (max-width: 600px) 100vw, 600px\" \/><\/figure>\n\n\n\n<h4 class=\"wp-block-heading has-text-align-center equal-heights-1\" style=\"padding-bottom:1rem\">Viktor<br\/>Stevkovski<\/h4>\n\n\n\n<p class=\"has-text-align-center\">Mitglied des Vorstands der<br\/>Group<\/p>\n<\/div><\/div>\n\n\n\n<div class=\"wp-block-group section-meet-the-team__item\"><div class=\"wp-block-group__inner-container is-layout-constrained wp-block-group-is-layout-constrained\">\n<figure class=\"wp-block-image size-full is-style-rounded\"><img loading=\"lazy\" decoding=\"async\" width=\"300\" height=\"300\" src=\"https:\/\/just-faster.com\/wp-content\/uploads\/2025\/08\/dejan-shindilovski-300x300-1.jpg\" alt=\"\" class=\"wp-image-2550\" style=\"aspect-ratio:1;object-fit:cover\" srcset=\"https:\/\/just-faster.com\/wp-content\/uploads\/2025\/08\/dejan-shindilovski-300x300-1.jpg 300w, https:\/\/just-faster.com\/wp-content\/uploads\/2025\/08\/dejan-shindilovski-300x300-1-150x150.jpg 150w\" sizes=\"auto, (max-width: 300px) 100vw, 300px\" \/><\/figure>\n\n\n\n<h4 class=\"wp-block-heading has-text-align-center equal-heights-1\" style=\"padding-bottom:1rem\">Dejan<br\/>Schindilovski<\/h4>\n\n\n\n<p class=\"has-text-align-center\">Mitglied des Vorstands der<br\/>Group<\/p>\n<\/div><\/div>\n<\/div>\n\n\n\n<div style=\"height:4rem\" aria-hidden=\"true\" class=\"wp-block-spacer\"><\/div>\n<\/div><\/div>\n<\/div><\/div>\n<\/div><\/div>\n\n<div class=\"wp-block-group section-meet-the-team-people\"><div class=\"wp-block-group__inner-container is-layout-constrained wp-block-group-is-layout-constrained\">\n<div class=\"wp-block-cover is-light\"><img loading=\"lazy\" decoding=\"async\" width=\"1920\" height=\"1000\" class=\"wp-block-cover__image-background wp-image-1215\" alt=\"Just-Faster\" src=\"https:\/\/just-faster.com\/wp-content\/uploads\/2024\/05\/meet-the-team-members-bck.jpg\" data-object-fit=\"cover\" srcset=\"https:\/\/just-faster.com\/wp-content\/uploads\/2024\/05\/meet-the-team-members-bck.jpg 1920w, https:\/\/just-faster.com\/wp-content\/uploads\/2024\/05\/meet-the-team-members-bck-300x156.jpg 300w, https:\/\/just-faster.com\/wp-content\/uploads\/2024\/05\/meet-the-team-members-bck-1024x533.jpg 1024w, https:\/\/just-faster.com\/wp-content\/uploads\/2024\/05\/meet-the-team-members-bck-768x400.jpg 768w, https:\/\/just-faster.com\/wp-content\/uploads\/2024\/05\/meet-the-team-members-bck-1536x800.jpg 1536w\" sizes=\"auto, (max-width: 1920px) 100vw, 1920px\" \/><span aria-hidden=\"true\" class=\"wp-block-cover__background has-background-dim-0 has-background-dim\"><\/span><div class=\"wp-block-cover__inner-container is-layout-constrained wp-block-cover-is-layout-constrained\">\n<div class=\"wp-block-group container\"><div class=\"wp-block-group__inner-container is-layout-constrained wp-block-group-is-layout-constrained\">\n<div style=\"height:4rem\" aria-hidden=\"true\" class=\"wp-block-spacer\"><\/div>\n\n\n\n<div class=\"wp-block-group section-meet-the-team__title\"><div class=\"wp-block-group__inner-container is-layout-constrained wp-block-group-is-layout-constrained\">\n<h2 class=\"wp-block-heading has-text-align-center\" style=\"padding-bottom:3rem\">Gruppenmitglied Vorstand Management<\/h2>\n<\/div><\/div>\n\n\n\n<div style=\"height:1rem\" aria-hidden=\"true\" class=\"wp-block-spacer\"><\/div>\n\n\n\n<div class=\"wp-block-group section-meet-the-team__list is-content-justification-center is-layout-flex wp-container-core-group-is-layout-6274c98b wp-block-group-is-layout-flex\">\n<div class=\"wp-block-group section-meet-the-team__item\"><div class=\"wp-block-group__inner-container is-layout-constrained wp-block-group-is-layout-constrained\">\n<figure class=\"wp-block-image size-full is-style-rounded\"><img loading=\"lazy\" decoding=\"async\" width=\"300\" height=\"300\" src=\"https:\/\/just-faster.com\/wp-content\/uploads\/2025\/08\/dejan-shindilovski-300x300-1.jpg\" alt=\"\" class=\"wp-image-2550\" style=\"aspect-ratio:1;object-fit:cover\" srcset=\"https:\/\/just-faster.com\/wp-content\/uploads\/2025\/08\/dejan-shindilovski-300x300-1.jpg 300w, https:\/\/just-faster.com\/wp-content\/uploads\/2025\/08\/dejan-shindilovski-300x300-1-150x150.jpg 150w\" sizes=\"auto, (max-width: 300px) 100vw, 300px\" \/><\/figure>\n\n\n\n<h4 class=\"wp-block-heading has-text-align-center equal-heights-1\" style=\"padding-bottom:1rem\">Dejan<br\/>Schindilovski<\/h4>\n\n\n\n<p class=\"has-text-align-center\">Sprecher des Vorstandes<\/p>\n<\/div><\/div>\n\n\n\n<div class=\"wp-block-group section-meet-the-team__item\"><div class=\"wp-block-group__inner-container is-layout-constrained wp-block-group-is-layout-constrained\">\n<figure class=\"wp-block-image size-full is-style-rounded\"><img loading=\"lazy\" decoding=\"async\" width=\"600\" height=\"600\" src=\"https:\/\/just-faster.com\/wp-content\/uploads\/2024\/05\/Brigitte.png\" alt=\"Brigitte\" class=\"wp-image-1189\" style=\"aspect-ratio:1;object-fit:cover\" srcset=\"https:\/\/just-faster.com\/wp-content\/uploads\/2024\/05\/Brigitte.png 600w, https:\/\/just-faster.com\/wp-content\/uploads\/2024\/05\/Brigitte-300x300.png 300w, https:\/\/just-faster.com\/wp-content\/uploads\/2024\/05\/Brigitte-150x150.png 150w\" sizes=\"auto, (max-width: 600px) 100vw, 600px\" \/><\/figure>\n\n\n\n<h4 class=\"wp-block-heading has-text-align-center equal-heights-1\" style=\"padding-bottom:1rem\">Brigitte<br\/>Sander<\/h4>\n\n\n\n<p class=\"has-text-align-center\">Mitglied des Vorstandes<\/p>\n<\/div><\/div>\n\n\n\n<div class=\"wp-block-group section-meet-the-team__item\"><div class=\"wp-block-group__inner-container is-layout-constrained wp-block-group-is-layout-constrained\">\n<figure class=\"wp-block-image size-full is-style-rounded\"><img loading=\"lazy\" decoding=\"async\" width=\"600\" height=\"600\" src=\"https:\/\/just-faster.com\/wp-content\/uploads\/2024\/05\/Danijel.png\" alt=\"Danijel\" class=\"wp-image-1187\" style=\"aspect-ratio:1;object-fit:cover\" srcset=\"https:\/\/just-faster.com\/wp-content\/uploads\/2024\/05\/Danijel.png 600w, https:\/\/just-faster.com\/wp-content\/uploads\/2024\/05\/Danijel-300x300.png 300w, https:\/\/just-faster.com\/wp-content\/uploads\/2024\/05\/Danijel-150x150.png 150w\" sizes=\"auto, (max-width: 600px) 100vw, 600px\" \/><\/figure>\n\n\n\n<h4 class=\"wp-block-heading has-text-align-center equal-heights-1\" style=\"padding-bottom:1rem\">Danijel<br\/>Valentic<\/h4>\n\n\n\n<p class=\"has-text-align-center\">Mitglied des Vorstandes<\/p>\n<\/div><\/div>\n\n\n\n<div class=\"wp-block-group section-meet-the-team__item\"><div class=\"wp-block-group__inner-container is-layout-constrained wp-block-group-is-layout-constrained\">\n<figure class=\"wp-block-image size-full is-style-rounded\"><img loading=\"lazy\" decoding=\"async\" width=\"600\" height=\"600\" src=\"https:\/\/just-faster.com\/wp-content\/uploads\/2024\/05\/Viktor.png\" alt=\"Viktor\" class=\"wp-image-1185\" style=\"aspect-ratio:1;object-fit:cover\" srcset=\"https:\/\/just-faster.com\/wp-content\/uploads\/2024\/05\/Viktor.png 600w, https:\/\/just-faster.com\/wp-content\/uploads\/2024\/05\/Viktor-300x300.png 300w, https:\/\/just-faster.com\/wp-content\/uploads\/2024\/05\/Viktor-150x150.png 150w\" sizes=\"auto, (max-width: 600px) 100vw, 600px\" \/><\/figure>\n\n\n\n<h4 class=\"wp-block-heading has-text-align-center equal-heights-1\" style=\"padding-bottom:1rem\">Viktor<br\/>Stevkovski<\/h4>\n\n\n\n<p class=\"has-text-align-center\">Mitglied des Vorstandes<\/p>\n<\/div><\/div>\n<\/div>\n\n\n\n<div style=\"height:4rem\" aria-hidden=\"true\" class=\"wp-block-spacer\"><\/div>\n<\/div><\/div>\n<\/div><\/div>\n<\/div><\/div>\n\n<div class=\"wp-block-group section-meet-the-team-collage\"><div class=\"wp-block-group__inner-container is-layout-constrained wp-block-group-is-layout-constrained\">\n<figure class=\"wp-block-gallery has-nested-images columns-default is-cropped wp-block-gallery-1 is-layout-flex wp-block-gallery-is-layout-flex\">\n<figure class=\"wp-block-image size-large\"><img loading=\"lazy\" decoding=\"async\" width=\"630\" height=\"490\" data-id=\"762\" src=\"https:\/\/just-faster.com\/wp-content\/uploads\/2024\/05\/meet-the-team-collage-1.jpg\" alt=\"Just-Faster\" class=\"wp-image-762\" srcset=\"https:\/\/just-faster.com\/wp-content\/uploads\/2024\/05\/meet-the-team-collage-1.jpg 630w, https:\/\/just-faster.com\/wp-content\/uploads\/2024\/05\/meet-the-team-collage-1-300x233.jpg 300w\" sizes=\"auto, (max-width: 630px) 100vw, 630px\" \/><\/figure>\n\n\n\n<figure class=\"wp-block-image size-large\"><img loading=\"lazy\" decoding=\"async\" width=\"620\" height=\"490\" data-id=\"761\" src=\"https:\/\/just-faster.com\/wp-content\/uploads\/2024\/05\/meet-the-team-collage-2.jpg\" alt=\"Just-Faster\" class=\"wp-image-761\" srcset=\"https:\/\/just-faster.com\/wp-content\/uploads\/2024\/05\/meet-the-team-collage-2.jpg 620w, https:\/\/just-faster.com\/wp-content\/uploads\/2024\/05\/meet-the-team-collage-2-300x237.jpg 300w\" sizes=\"auto, (max-width: 620px) 100vw, 620px\" \/><\/figure>\n\n\n\n<figure class=\"wp-block-image size-large\"><img loading=\"lazy\" decoding=\"async\" width=\"630\" height=\"490\" data-id=\"760\" src=\"https:\/\/just-faster.com\/wp-content\/uploads\/2024\/05\/meet-the-team-collage-3.jpg\" alt=\"Just-Faster\" class=\"wp-image-760\" srcset=\"https:\/\/just-faster.com\/wp-content\/uploads\/2024\/05\/meet-the-team-collage-3.jpg 630w, https:\/\/just-faster.com\/wp-content\/uploads\/2024\/05\/meet-the-team-collage-3-300x233.jpg 300w\" sizes=\"auto, (max-width: 630px) 100vw, 630px\" \/><\/figure>\n\n\n\n<figure class=\"wp-block-image size-large\"><img loading=\"lazy\" decoding=\"async\" width=\"630\" height=\"490\" data-id=\"759\" src=\"https:\/\/just-faster.com\/wp-content\/uploads\/2024\/05\/meet-the-team-collage-4.jpg\" alt=\"Just-Faster\" class=\"wp-image-759\" srcset=\"https:\/\/just-faster.com\/wp-content\/uploads\/2024\/05\/meet-the-team-collage-4.jpg 630w, https:\/\/just-faster.com\/wp-content\/uploads\/2024\/05\/meet-the-team-collage-4-300x233.jpg 300w\" sizes=\"auto, (max-width: 630px) 100vw, 630px\" \/><\/figure>\n\n\n\n<figure class=\"wp-block-image size-large\"><img loading=\"lazy\" decoding=\"async\" width=\"620\" height=\"490\" data-id=\"758\" src=\"https:\/\/just-faster.com\/wp-content\/uploads\/2024\/05\/meet-the-team-collage-5.jpg\" alt=\"Just-Faster\" class=\"wp-image-758\" srcset=\"https:\/\/just-faster.com\/wp-content\/uploads\/2024\/05\/meet-the-team-collage-5.jpg 620w, https:\/\/just-faster.com\/wp-content\/uploads\/2024\/05\/meet-the-team-collage-5-300x237.jpg 300w\" sizes=\"auto, (max-width: 620px) 100vw, 620px\" \/><\/figure>\n\n\n\n<figure class=\"wp-block-image size-large\"><img loading=\"lazy\" decoding=\"async\" width=\"630\" height=\"490\" data-id=\"757\" src=\"https:\/\/just-faster.com\/wp-content\/uploads\/2024\/05\/meet-the-team-collage-6.jpg\" alt=\"Just-Faster\" class=\"wp-image-757\" srcset=\"https:\/\/just-faster.com\/wp-content\/uploads\/2024\/05\/meet-the-team-collage-6.jpg 630w, https:\/\/just-faster.com\/wp-content\/uploads\/2024\/05\/meet-the-team-collage-6-300x233.jpg 300w\" sizes=\"auto, (max-width: 630px) 100vw, 630px\" \/><\/figure>\n<\/figure>\n<\/div><\/div>\n\n<div class=\"wp-block-group section-meet-the-team-cta\"><div class=\"wp-block-group__inner-container is-layout-constrained wp-block-group-is-layout-constrained\">\n<div class=\"wp-block-cover is-light\"><span aria-hidden=\"true\" class=\"wp-block-cover__background has-background-dim-0 has-background-dim\" style=\"background-color:#eeefef\"><\/span><div class=\"wp-block-cover__inner-container is-layout-constrained wp-block-cover-is-layout-constrained\">\n<div class=\"wp-block-group container\"><div class=\"wp-block-group__inner-container is-layout-constrained wp-block-group-is-layout-constrained\">\n<div style=\"height:3rem\" aria-hidden=\"true\" class=\"wp-block-spacer\"><\/div>\n\n\n\n<div class=\"wp-block-group section-meet-the-team-cta__box\"><div class=\"wp-block-group__inner-container is-layout-constrained wp-block-group-is-layout-constrained\">\n<div class=\"wp-block-group section-meet-the-team-cta__box-content\"><div class=\"wp-block-group__inner-container is-layout-constrained wp-block-group-is-layout-constrained\">\n<p class=\"has-text-align-center\">Sind Sie bereit, den n\u00e4chsten Schritt zu tun? Nehmen Sie noch heute Kontakt mit uns auf und vereinbaren Sie einen Beratungstermin, um mehr \u00fcber unser Team zu erfahren und dar\u00fcber, wie wir Ihrem Unternehmen zum Erfolg verhelfen k\u00f6nnen. Wir freuen uns darauf, Sie kennenzulernen und mit Ihnen zu besprechen, wie die Just-Faster Group Ihre Ziele unterst\u00fctzen kann.<\/p>\n<\/div><\/div>\n<\/div><\/div>\n\n\n\n<div style=\"height:2rem\" aria-hidden=\"true\" class=\"wp-block-spacer\"><\/div>\n\n\n\n<div class=\"wp-block-group section-meet-the-team-cta__btn is-content-justification-center is-nowrap is-layout-flex wp-container-core-group-is-layout-94bc23d7 wp-block-group-is-layout-flex\">\n<p class=\"button-container\"><a href=\"https:\/\/just-faster.com\/de\/kostenlose-konsultation\/\" data-type=\"page\" data-id=\"855\">KOSTENLOSE BERATUNG<\/a><\/p>\n<\/div>\n\n\n\n<div style=\"height:4rem\" aria-hidden=\"true\" class=\"wp-block-spacer\"><\/div>\n<\/div><\/div>\n<\/div><\/div>\n<\/div><\/div>\n","protected":false},"excerpt":{"rendered":"","protected":false},"author":1,"featured_media":0,"parent":0,"menu_order":0,"comment_status":"closed","ping_status":"closed","template":"","meta":{"om_disable_all_campaigns":false,"_monsterinsights_skip_tracking":false,"_monsterinsights_sitenote_active":false,"_monsterinsights_sitenote_note":"","_monsterinsights_sitenote_category":0,"footnotes":""},"class_list":["post-1419","page","type-page","status-publish","hentry"],"aioseo_notices":[],"_links":{"self":[{"href":"https:\/\/just-faster.com\/de\/wp-json\/wp\/v2\/pages\/1419","targetHints":{"allow":["GET"]}}],"collection":[{"href":"https:\/\/just-faster.com\/de\/wp-json\/wp\/v2\/pages"}],"about":[{"href":"https:\/\/just-faster.com\/de\/wp-json\/wp\/v2\/types\/page"}],"author":[{"embeddable":true,"href":"https:\/\/just-faster.com\/de\/wp-json\/wp\/v2\/users\/1"}],"replies":[{"embeddable":true,"href":"https:\/\/just-faster.com\/de\/wp-json\/wp\/v2\/comments?post=1419"}],"version-history":[{"count":8,"href":"https:\/\/just-faster.com\/de\/wp-json\/wp\/v2\/pages\/1419\/revisions"}],"predecessor-version":[{"id":3937,"href":"https:\/\/just-faster.com\/de\/wp-json\/wp\/v2\/pages\/1419\/revisions\/3937"}],"wp:attachment":[{"href":"https:\/\/just-faster.com\/de\/wp-json\/wp\/v2\/media?parent=1419"}],"curies":[{"name":"wp","href":"https:\/\/api.w.org\/{rel}","templated":true}]}}