{"id":1423,"date":"2024-04-27T10:52:31","date_gmt":"2024-04-27T10:52:31","guid":{"rendered":"https:\/\/just-faster.com\/offene-stellen\/"},"modified":"2024-06-07T09:54:40","modified_gmt":"2024-06-07T09:54:40","slug":"offene-stellen","status":"publish","type":"page","link":"https:\/\/just-faster.com\/de\/offene-stellen\/","title":{"rendered":"Offene Stellen"},"content":{"rendered":"\n<div class=\"wp-block-group block-group-top\"><div class=\"wp-block-group__inner-container is-layout-constrained wp-block-group-is-layout-constrained\">\n<div class=\"wp-block-group section-keyvisual\"><div class=\"wp-block-group__inner-container is-layout-constrained wp-block-group-is-layout-constrained\">\n<div class=\"wp-block-cover\"><span aria-hidden=\"true\" class=\"wp-block-cover__background has-background-dim-0 has-background-dim\" style=\"background-color:#eeefef\"><\/span><img loading=\"lazy\" decoding=\"async\" width=\"1920\" height=\"500\" class=\"wp-block-cover__image-background wp-image-813\" alt=\"Just-Faster\" src=\"https:\/\/just-faster.com\/wp-content\/uploads\/2024\/05\/job-openings-keyvisual-bck.jpg\" data-object-fit=\"cover\" srcset=\"https:\/\/just-faster.com\/wp-content\/uploads\/2024\/05\/job-openings-keyvisual-bck.jpg 1920w, https:\/\/just-faster.com\/wp-content\/uploads\/2024\/05\/job-openings-keyvisual-bck-300x78.jpg 300w, https:\/\/just-faster.com\/wp-content\/uploads\/2024\/05\/job-openings-keyvisual-bck-1024x267.jpg 1024w, https:\/\/just-faster.com\/wp-content\/uploads\/2024\/05\/job-openings-keyvisual-bck-768x200.jpg 768w, https:\/\/just-faster.com\/wp-content\/uploads\/2024\/05\/job-openings-keyvisual-bck-1536x400.jpg 1536w\" sizes=\"auto, (max-width: 1920px) 100vw, 1920px\" \/><div class=\"wp-block-cover__inner-container is-layout-constrained wp-block-cover-is-layout-constrained\">\n<div class=\"wp-block-group container\"><div class=\"wp-block-group__inner-container is-layout-constrained wp-block-group-is-layout-constrained\">\n<div style=\"height:4rem\" aria-hidden=\"true\" class=\"wp-block-spacer\"><\/div>\n\n\n\n<div class=\"wp-block-group section-keyvisual__title section-max-960\"><div class=\"wp-block-group__inner-container is-layout-constrained wp-block-group-is-layout-constrained\">\n<h1 class=\"wp-block-heading has-text-align-center display-1\" style=\"padding-bottom:3rem\">M\u00f6chten Sie Teil der Just-faster Gruppe werden?<\/h1>\n\n\n\n<h2 class=\"wp-block-heading has-text-align-center\">Entdecken Sie aufregende Karrierem\u00f6glichkeiten!<\/h2>\n<\/div><\/div>\n\n\n\n<div style=\"height:4rem\" aria-hidden=\"true\" class=\"wp-block-spacer\"><\/div>\n<\/div><\/div>\n<\/div><\/div>\n<\/div><\/div>\n\n\n\n<div class=\"wp-block-group section-job-openings-welcome section-style-normal-block\"><div class=\"wp-block-group__inner-container is-layout-constrained wp-block-group-is-layout-constrained\">\n<div class=\"wp-block-group container\"><div class=\"wp-block-group__inner-container is-layout-constrained wp-block-group-is-layout-constrained\">\n<div style=\"height:4rem\" aria-hidden=\"true\" class=\"wp-block-spacer\"><\/div>\n\n\n\n<div class=\"wp-block-group section-style-normal-block__title\"><div class=\"wp-block-group__inner-container is-layout-constrained wp-block-group-is-layout-constrained\">\n<p class=\"has-text-align-center\">Willkommen bei der Just-Faster Group, einer dynamischen Kraft, die Innovation und Exzellenz in der Wirtschaft vorantreibt. Mit unserer nachweislichen Erfolgsgeschichte und unserer Verpflichtung, au\u00dfergew\u00f6hnliche Ergebnisse zu liefern, sind wir ein zuverl\u00e4ssiger Partner f\u00fcr Unternehmen, die im heutigen Wettbewerb erfolgreich sein wollen. Als Vorreiter bei der Integration von Technologien und der Entwicklung von L\u00f6sungen erm\u00f6glichen wir es Unternehmen, Prozesse zu rationalisieren, die Produktivit\u00e4t zu steigern und neue Wachstumsm\u00f6glichkeiten zu erschlie\u00dfen. Wir von der Just-Faster Group wollen Ihnen helfen, Ihre Ziele zu erreichen und das Gew\u00f6hnliche zu \u00fcbertreffen.<\/p>\n<\/div><\/div>\n\n\n\n<div style=\"height:4rem\" aria-hidden=\"true\" class=\"wp-block-spacer\"><\/div>\n<\/div><\/div>\n<\/div><\/div>\n<\/div><\/div>\n\n<div class=\"wp-block-group block-group-bottom\"><div class=\"wp-block-group__inner-container is-layout-constrained wp-block-group-is-layout-constrained\">\n<div id=\"section-free-consultation-form\" class=\"wp-block-group section-free-consultation-form section-form\"><div class=\"wp-block-group__inner-container is-layout-constrained wp-block-group-is-layout-constrained\">\n<div class=\"wp-block-cover is-light\"><span aria-hidden=\"true\" class=\"wp-block-cover__background has-background-dim-0 has-background-dim\" style=\"background-color:#eeefef\"><\/span><img loading=\"lazy\" decoding=\"async\" width=\"1920\" height=\"900\" class=\"wp-block-cover__image-background wp-image-217\" alt=\"Just-Faster\" src=\"https:\/\/just-faster.com\/wp-content\/uploads\/2024\/04\/home-departments-bck.jpg\" data-object-fit=\"cover\" srcset=\"https:\/\/just-faster.com\/wp-content\/uploads\/2024\/04\/home-departments-bck.jpg 1920w, https:\/\/just-faster.com\/wp-content\/uploads\/2024\/04\/home-departments-bck-300x141.jpg 300w, https:\/\/just-faster.com\/wp-content\/uploads\/2024\/04\/home-departments-bck-1024x480.jpg 1024w, https:\/\/just-faster.com\/wp-content\/uploads\/2024\/04\/home-departments-bck-768x360.jpg 768w, https:\/\/just-faster.com\/wp-content\/uploads\/2024\/04\/home-departments-bck-1536x720.jpg 1536w\" sizes=\"auto, (max-width: 1920px) 100vw, 1920px\" \/><div class=\"wp-block-cover__inner-container is-layout-constrained wp-block-cover-is-layout-constrained\">\n<div class=\"wp-block-group container\"><div class=\"wp-block-group__inner-container is-layout-constrained wp-block-group-is-layout-constrained\">\n<div style=\"height:4rem\" aria-hidden=\"true\" class=\"wp-block-spacer\"><\/div>\n\n\n\n<div class=\"wp-block-group section-form__box box-style-dark is-content-justification-center is-nowrap is-layout-flex wp-container-core-group-is-layout-94bc23d7 wp-block-group-is-layout-flex\"><p class=\"wpcf7-contact-form-not-found\"><strong>Fehler:<\/strong> Kontaktformular wurde nicht gefunden.<\/p>\n<\/div>\n\n\n\n<div style=\"height:4rem\" aria-hidden=\"true\" class=\"wp-block-spacer\"><\/div>\n<\/div><\/div>\n<\/div><\/div>\n<\/div><\/div>\n<\/div><\/div>\n","protected":false},"excerpt":{"rendered":"<p>Willkommen bei der Just-Faster Group, einer dynamischen Kraft, die Innovation und Exzellenz in der Wirtschaft vorantreibt. Mit unserer nachweislichen Erfolgsgeschichte und unserer Verpflichtung, au\u00dfergew\u00f6hnliche Ergebnisse zu liefern, sind wir ein zuverl\u00e4ssiger Partner f\u00fcr Unternehmen, die im heutigen Wettbewerb erfolgreich sein wollen. Als Vorreiter bei der Integration von Technologien und der Entwicklung von L\u00f6sungen erm\u00f6glichen wir [&hellip;]<\/p>\n","protected":false},"author":1,"featured_media":0,"parent":0,"menu_order":0,"comment_status":"closed","ping_status":"closed","template":"template-job-openings.php","meta":{"om_disable_all_campaigns":false,"_monsterinsights_skip_tracking":false,"_monsterinsights_sitenote_active":false,"_monsterinsights_sitenote_note":"","_monsterinsights_sitenote_category":0,"footnotes":""},"class_list":["post-1423","page","type-page","status-publish","hentry"],"aioseo_notices":[],"_links":{"self":[{"href":"https:\/\/just-faster.com\/de\/wp-json\/wp\/v2\/pages\/1423","targetHints":{"allow":["GET"]}}],"collection":[{"href":"https:\/\/just-faster.com\/de\/wp-json\/wp\/v2\/pages"}],"about":[{"href":"https:\/\/just-faster.com\/de\/wp-json\/wp\/v2\/types\/page"}],"author":[{"embeddable":true,"href":"https:\/\/just-faster.com\/de\/wp-json\/wp\/v2\/users\/1"}],"replies":[{"embeddable":true,"href":"https:\/\/just-faster.com\/de\/wp-json\/wp\/v2\/comments?post=1423"}],"version-history":[{"count":3,"href":"https:\/\/just-faster.com\/de\/wp-json\/wp\/v2\/pages\/1423\/revisions"}],"predecessor-version":[{"id":1426,"href":"https:\/\/just-faster.com\/de\/wp-json\/wp\/v2\/pages\/1423\/revisions\/1426"}],"wp:attachment":[{"href":"https:\/\/just-faster.com\/de\/wp-json\/wp\/v2\/media?parent=1423"}],"curies":[{"name":"wp","href":"https:\/\/api.w.org\/{rel}","templated":true}]}}