{"id":1427,"date":"2024-04-27T10:52:39","date_gmt":"2024-04-27T10:52:39","guid":{"rendered":"https:\/\/just-faster.com\/nachrichten\/"},"modified":"2024-06-07T09:55:06","modified_gmt":"2024-06-07T09:55:06","slug":"nachrichten","status":"publish","type":"page","link":"https:\/\/just-faster.com\/de\/nachrichten\/","title":{"rendered":"Nachrichten"},"content":{"rendered":"\n<div class=\"wp-block-group block-group-top\"><div class=\"wp-block-group__inner-container is-layout-constrained wp-block-group-is-layout-constrained\">\n<div class=\"wp-block-group section-keyvisual\"><div class=\"wp-block-group__inner-container is-layout-constrained wp-block-group-is-layout-constrained\">\n<div class=\"wp-block-cover\"><span aria-hidden=\"true\" class=\"wp-block-cover__background has-background-dim-0 has-background-dim\" style=\"background-color:#eeefef\"><\/span><img loading=\"lazy\" decoding=\"async\" width=\"1920\" height=\"500\" class=\"wp-block-cover__image-background wp-image-779\" alt=\"Just-Faster\" src=\"https:\/\/just-faster.com\/wp-content\/uploads\/2024\/05\/news-keyvisual-bck.jpg\" data-object-fit=\"cover\" srcset=\"https:\/\/just-faster.com\/wp-content\/uploads\/2024\/05\/news-keyvisual-bck.jpg 1920w, https:\/\/just-faster.com\/wp-content\/uploads\/2024\/05\/news-keyvisual-bck-300x78.jpg 300w, https:\/\/just-faster.com\/wp-content\/uploads\/2024\/05\/news-keyvisual-bck-1024x267.jpg 1024w, https:\/\/just-faster.com\/wp-content\/uploads\/2024\/05\/news-keyvisual-bck-768x200.jpg 768w, https:\/\/just-faster.com\/wp-content\/uploads\/2024\/05\/news-keyvisual-bck-1536x400.jpg 1536w\" sizes=\"auto, (max-width: 1920px) 100vw, 1920px\" \/><div class=\"wp-block-cover__inner-container is-layout-constrained wp-block-cover-is-layout-constrained\">\n<div class=\"wp-block-group container\"><div class=\"wp-block-group__inner-container is-layout-constrained wp-block-group-is-layout-constrained\">\n<div style=\"height:4rem\" aria-hidden=\"true\" class=\"wp-block-spacer\"><\/div>\n\n\n\n<div class=\"wp-block-group section-keyvisual__title section-max-960\"><div class=\"wp-block-group__inner-container is-layout-constrained wp-block-group-is-layout-constrained\">\n<h1 class=\"wp-block-heading has-text-align-center display-1\" style=\"padding-bottom:3rem\">Nachrichten<\/h1>\n\n\n\n<h2 class=\"wp-block-heading has-text-align-center\">Bleiben Sie auf dem Laufenden: Entdecken Sie die neuesten Nachrichten und Einblicke<br\/>von Just-Faster Group<\/h2>\n<\/div><\/div>\n\n\n\n<div style=\"height:4rem\" aria-hidden=\"true\" class=\"wp-block-spacer\"><\/div>\n<\/div><\/div>\n<\/div><\/div>\n<\/div><\/div>\n<\/div><\/div>\n\n<div class=\"wp-block-group block-group-news-post-bottom\"><div class=\"wp-block-group__inner-container is-layout-constrained wp-block-group-is-layout-constrained\">\n<div class=\"wp-block-group section-news-notice\"><div class=\"wp-block-group__inner-container is-layout-constrained wp-block-group-is-layout-constrained\">\n<div class=\"wp-block-cover is-light\"><span aria-hidden=\"true\" class=\"wp-block-cover__background has-background-dim-0 has-background-dim\" style=\"background-color:#eeefef\"><\/span><div class=\"wp-block-cover__inner-container is-layout-constrained wp-block-cover-is-layout-constrained\">\n<div class=\"wp-block-group\"><div class=\"wp-block-group__inner-container is-layout-constrained wp-block-group-is-layout-constrained\">\n<div style=\"height:3rem\" aria-hidden=\"true\" class=\"wp-block-spacer\"><\/div>\n\n\n\n<div class=\"wp-block-group section-news-notice__box\"><div class=\"wp-block-group__inner-container is-layout-constrained wp-block-group-is-layout-constrained\">\n<div class=\"wp-block-group section-news-notice__box-content\"><div class=\"wp-block-group__inner-container is-layout-constrained wp-block-group-is-layout-constrained\">\n<p class=\"has-text-align-center\">Wenn Sie \u00fcber unsere neuesten Nachrichten und Ank\u00fcndigungen auf dem Laufenden bleiben m\u00f6chten, k\u00f6nnen Sie sich f\u00fcr unseren Newsletter anmelden. Wir sind hier, um Ihnen zeitnahe und genaue Informationen \u00fcber unser Unternehmen und Einblicke in die Branche zu geben. Bleiben Sie mit uns in Verbindung, um \u00fcber unsere spannenden Entwicklungen und Erfolge informiert zu bleiben.<\/p>\n<\/div><\/div>\n<\/div><\/div>\n\n\n\n<div style=\"height:2rem\" aria-hidden=\"true\" class=\"wp-block-spacer\"><\/div>\n\n\n\n<div class=\"wp-block-group section-news-notice-newsletter\"><div class=\"wp-block-group__inner-container is-layout-constrained wp-block-group-is-layout-constrained\">\n<h3 class=\"wp-block-heading has-text-align-center\">BLEIBEN SIE IN VERBINDUNG F\u00dcR NEUIGKEITEN UND AKTIONEN<\/h3>\n\n\n\n<h2 class=\"wp-block-heading has-text-align-center\">Newsletter abonnieren<\/h2>\n\n\n<script>(function() {\n\twindow.mc4wp = window.mc4wp || {\n\t\tlisteners: [],\n\t\tforms: {\n\t\t\ton: function(evt, cb) {\n\t\t\t\twindow.mc4wp.listeners.push(\n\t\t\t\t\t{\n\t\t\t\t\t\tevent   : evt,\n\t\t\t\t\t\tcallback: cb\n\t\t\t\t\t}\n\t\t\t\t);\n\t\t\t}\n\t\t}\n\t}\n})();\n<\/script><!-- Mailchimp for WordPress v4.12.1 - https:\/\/wordpress.org\/plugins\/mailchimp-for-wp\/ --><form id=\"mc4wp-form-1\" class=\"mc4wp-form mc4wp-form-1459\" method=\"post\" data-id=\"1459\" data-name=\"Newsletter\" ><div class=\"mc4wp-form-fields\"><div class=\"row gx-0 gy-0\">\n    <div class=\"col-sm-8\">\n        <input type=\"email\" name=\"EMAIL\" placeholder=\"Ihre E-Mail Adresse\" required=\"\">\n    <\/div>\n    <div class=\"col-sm-4\">\n        <div class=\"contact-form-button\">\n            <input type=\"submit\" value=\"Registrieren Sie sich\">\n        <\/div>\n    <\/div>\n    <div class=\"col-sm-12\">\n      <div class=\"contact-form-consent\">\n          <label><input type=\"checkbox\" name=\"AGREE_TO_TERMS\" value=\"1\" required=\"\">Ich habe die Allgemeinen Gesch\u00e4ftsbedingungen gelesen und stimme ihnen zu.<\/label>\n      <\/div>\n\t<\/div>\n<\/div><\/div><label style=\"display: none !important;\">Wenn du ein Mensch bist, lasse das Feld leer: <input type=\"text\" name=\"_mc4wp_honeypot\" value=\"\" tabindex=\"-1\" autocomplete=\"off\" \/><\/label><input type=\"hidden\" name=\"_mc4wp_timestamp\" value=\"1776311859\" \/><input type=\"hidden\" name=\"_mc4wp_form_id\" value=\"1459\" \/><input type=\"hidden\" name=\"_mc4wp_form_element_id\" value=\"mc4wp-form-1\" \/><div class=\"mc4wp-response\"><\/div><\/form><!-- \/ Mailchimp for WordPress Plugin -->\n<\/div><\/div>\n\n\n\n<div style=\"height:4rem\" aria-hidden=\"true\" class=\"wp-block-spacer\"><\/div>\n<\/div><\/div>\n<\/div><\/div>\n<\/div><\/div>\n<\/div><\/div>\n","protected":false},"excerpt":{"rendered":"","protected":false},"author":1,"featured_media":0,"parent":0,"menu_order":0,"comment_status":"closed","ping_status":"closed","template":"template-news.php","meta":{"om_disable_all_campaigns":false,"_monsterinsights_skip_tracking":false,"_monsterinsights_sitenote_active":false,"_monsterinsights_sitenote_note":"","_monsterinsights_sitenote_category":0,"footnotes":""},"class_list":["post-1427","page","type-page","status-publish","hentry"],"aioseo_notices":[],"_links":{"self":[{"href":"https:\/\/just-faster.com\/de\/wp-json\/wp\/v2\/pages\/1427","targetHints":{"allow":["GET"]}}],"collection":[{"href":"https:\/\/just-faster.com\/de\/wp-json\/wp\/v2\/pages"}],"about":[{"href":"https:\/\/just-faster.com\/de\/wp-json\/wp\/v2\/types\/page"}],"author":[{"embeddable":true,"href":"https:\/\/just-faster.com\/de\/wp-json\/wp\/v2\/users\/1"}],"replies":[{"embeddable":true,"href":"https:\/\/just-faster.com\/de\/wp-json\/wp\/v2\/comments?post=1427"}],"version-history":[{"count":3,"href":"https:\/\/just-faster.com\/de\/wp-json\/wp\/v2\/pages\/1427\/revisions"}],"predecessor-version":[{"id":1430,"href":"https:\/\/just-faster.com\/de\/wp-json\/wp\/v2\/pages\/1427\/revisions\/1430"}],"wp:attachment":[{"href":"https:\/\/just-faster.com\/de\/wp-json\/wp\/v2\/media?parent=1427"}],"curies":[{"name":"wp","href":"https:\/\/api.w.org\/{rel}","templated":true}]}}