{"id":1431,"date":"2024-04-27T10:53:04","date_gmt":"2024-04-27T10:53:04","guid":{"rendered":"https:\/\/just-faster.com\/kontaktieren-sie-uns\/"},"modified":"2025-08-29T14:34:28","modified_gmt":"2025-08-29T14:34:28","slug":"kontaktieren-sie-uns","status":"publish","type":"page","link":"https:\/\/just-faster.com\/de\/kontaktieren-sie-uns\/","title":{"rendered":"Kontaktieren Sie uns"},"content":{"rendered":"\n<div class=\"wp-block-group section-keyvisual\"><div class=\"wp-block-group__inner-container is-layout-constrained wp-block-group-is-layout-constrained\">\n<div class=\"wp-block-cover\"><img loading=\"lazy\" decoding=\"async\" width=\"1920\" height=\"500\" class=\"wp-block-cover__image-background wp-image-852\" alt=\"Just-Faster\" src=\"https:\/\/just-faster.com\/wp-content\/uploads\/2024\/05\/contact-us-keyvisual.jpg\" data-object-fit=\"cover\" srcset=\"https:\/\/just-faster.com\/wp-content\/uploads\/2024\/05\/contact-us-keyvisual.jpg 1920w, https:\/\/just-faster.com\/wp-content\/uploads\/2024\/05\/contact-us-keyvisual-300x78.jpg 300w, https:\/\/just-faster.com\/wp-content\/uploads\/2024\/05\/contact-us-keyvisual-1024x267.jpg 1024w, https:\/\/just-faster.com\/wp-content\/uploads\/2024\/05\/contact-us-keyvisual-768x200.jpg 768w, https:\/\/just-faster.com\/wp-content\/uploads\/2024\/05\/contact-us-keyvisual-1536x400.jpg 1536w\" sizes=\"auto, (max-width: 1920px) 100vw, 1920px\" \/><span aria-hidden=\"true\" class=\"wp-block-cover__background has-background-dim-0 has-background-dim\" style=\"background-color:#eeefef\"><\/span><div class=\"wp-block-cover__inner-container is-layout-constrained wp-block-cover-is-layout-constrained\">\n<div class=\"wp-block-group container\"><div class=\"wp-block-group__inner-container is-layout-constrained wp-block-group-is-layout-constrained\">\n<div style=\"height:4rem\" aria-hidden=\"true\" class=\"wp-block-spacer\"><\/div>\n\n\n\n<div class=\"wp-block-group section-keyvisual__title section-max-960\"><div class=\"wp-block-group__inner-container is-layout-constrained wp-block-group-is-layout-constrained\">\n<h1 class=\"wp-block-heading has-text-align-center display-1\" style=\"padding-bottom:3rem\">Kontaktieren Sie uns<\/h1>\n\n\n\n<h4 class=\"wp-block-heading has-text-align-center section-keyvisual__box\">Haben Sie Fragen oder Anfragen zu unseren Dienstleistungen? M\u00f6chten Sie besprechen, wie wir Ihrem Unternehmen helfen k\u00f6nnen, im digitalen Zeitalter erfolgreich zu sein? Sprechen Sie uns noch heute an! Unser Expertenteam ist bereit, Sie mit individuellen L\u00f6sungen zu unterst\u00fctzen, die auf Ihre Bed\u00fcrfnisse zugeschnitten sind. Nehmen Sie jetzt Kontakt mit uns auf, um das Gespr\u00e4ch zu beginnen und den ersten Schritt zum Erfolg zu machen.<\/h4>\n<\/div><\/div>\n\n\n\n<div style=\"height:4rem\" aria-hidden=\"true\" class=\"wp-block-spacer\"><\/div>\n<\/div><\/div>\n<\/div><\/div>\n<\/div><\/div>\n\n<div class=\"wp-block-group section-contact-us-form section-form\"><div class=\"wp-block-group__inner-container is-layout-constrained wp-block-group-is-layout-constrained\">\n<div class=\"wp-block-cover is-light\"><img loading=\"lazy\" decoding=\"async\" width=\"1920\" height=\"800\" class=\"wp-block-cover__image-background wp-image-122\" alt=\"Just-Faster\" src=\"https:\/\/just-faster.com\/wp-content\/uploads\/2024\/04\/home-driving-force-bck.jpg\" data-object-fit=\"cover\" srcset=\"https:\/\/just-faster.com\/wp-content\/uploads\/2024\/04\/home-driving-force-bck.jpg 1920w, https:\/\/just-faster.com\/wp-content\/uploads\/2024\/04\/home-driving-force-bck-300x125.jpg 300w, https:\/\/just-faster.com\/wp-content\/uploads\/2024\/04\/home-driving-force-bck-1024x427.jpg 1024w, https:\/\/just-faster.com\/wp-content\/uploads\/2024\/04\/home-driving-force-bck-768x320.jpg 768w, https:\/\/just-faster.com\/wp-content\/uploads\/2024\/04\/home-driving-force-bck-1536x640.jpg 1536w\" sizes=\"auto, (max-width: 1920px) 100vw, 1920px\" \/><span aria-hidden=\"true\" class=\"wp-block-cover__background has-background-dim-0 has-background-dim\" style=\"background-color:#eeefef\"><\/span><div class=\"wp-block-cover__inner-container is-layout-constrained wp-block-cover-is-layout-constrained\">\n<div class=\"wp-block-group container\"><div class=\"wp-block-group__inner-container is-layout-constrained wp-block-group-is-layout-constrained\">\n<div style=\"height:4rem\" aria-hidden=\"true\" class=\"wp-block-spacer\"><\/div>\n\n\n\n<div class=\"wp-block-group section-form__box box-style-blue is-content-justification-center is-nowrap is-layout-flex wp-container-core-group-is-layout-94bc23d7 wp-block-group-is-layout-flex\">\n<div class=\"wpcf7 no-js\" id=\"wpcf7-f1456-o1\" lang=\"de-DE\" dir=\"ltr\" data-wpcf7-id=\"1456\">\n<div class=\"screen-reader-response\"><p role=\"status\" aria-live=\"polite\" aria-atomic=\"true\"><\/p> <ul><\/ul><\/div>\n<form action=\"\/de\/wp-json\/wp\/v2\/pages\/1431#wpcf7-f1456-o1\" method=\"post\" class=\"wpcf7-form init\" aria-label=\"Kontaktformular\" novalidate=\"novalidate\" data-status=\"init\">\n<fieldset class=\"hidden-fields-container\"><input type=\"hidden\" name=\"_wpcf7\" value=\"1456\" \/><input type=\"hidden\" name=\"_wpcf7_version\" value=\"6.1.5\" \/><input type=\"hidden\" name=\"_wpcf7_locale\" value=\"de_DE\" \/><input type=\"hidden\" name=\"_wpcf7_unit_tag\" value=\"wpcf7-f1456-o1\" \/><input type=\"hidden\" name=\"_wpcf7_container_post\" value=\"0\" \/><input type=\"hidden\" name=\"_wpcf7_posted_data_hash\" value=\"\" \/><input type=\"hidden\" name=\"_wpcf7_recaptcha_response\" value=\"\" \/>\n<\/fieldset>\n<div class=\"row gx-5 gy-0\">\n\t<div class=\"col-sm-12\">\n\t\t<p><span class=\"wpcf7-form-control-wrap\" data-name=\"ihr-name\"><input size=\"40\" maxlength=\"400\" class=\"wpcf7-form-control wpcf7-text wpcf7-validates-as-required\" aria-required=\"true\" aria-invalid=\"false\" value=\"Ihr Name*\" type=\"text\" name=\"ihr-name\" \/><\/span>\n\t\t<\/p>\n\t<\/div>\n\t<div class=\"col-sm-12\">\n\t\t<p><span class=\"wpcf7-form-control-wrap\" data-name=\"ihr-email\"><input size=\"40\" maxlength=\"400\" class=\"wpcf7-form-control wpcf7-email wpcf7-validates-as-required wpcf7-text wpcf7-validates-as-email\" aria-required=\"true\" aria-invalid=\"false\" value=\"E-Mail-Adresse*\" type=\"email\" name=\"ihr-email\" \/><\/span>\n\t\t<\/p>\n\t<\/div>\n\t<div class=\"col-sm-12\">\n\t\t<p><span class=\"wpcf7-form-control-wrap\" data-name=\"Ihr-Telefon-Platzhalter\"><input size=\"40\" maxlength=\"400\" class=\"wpcf7-form-control wpcf7-tel wpcf7-validates-as-required wpcf7-text wpcf7-validates-as-tel\" aria-required=\"true\" aria-invalid=\"false\" value=\"Telefonnummer*\" type=\"tel\" name=\"Ihr-Telefon-Platzhalter\" \/><\/span>\n\t\t<\/p>\n\t<\/div>\n\t<div class=\"col-sm-12\">\n\t\t<p><span class=\"wpcf7-form-control-wrap\" data-name=\"Ihr-Thema-Platzhalter\"><input size=\"40\" maxlength=\"400\" class=\"wpcf7-form-control wpcf7-text wpcf7-validates-as-required\" aria-required=\"true\" aria-invalid=\"false\" value=\"Thema*\" type=\"text\" name=\"Ihr-Thema-Platzhalter\" \/><\/span>\n\t\t<\/p>\n\t<\/div>\n\t<div class=\"col-sm-12\">\n\t\t<p><span class=\"wpcf7-form-control-wrap\" data-name=\"your-message\"><textarea cols=\"40\" rows=\"10\" maxlength=\"2000\" class=\"wpcf7-form-control wpcf7-textarea\" aria-invalid=\"false\" placeholder=\"Deine Nachricht\" name=\"your-message\"><\/textarea><\/span>\n\t\t<\/p>\n\t<\/div>\n\t<div class=\"col-sm-6\">\n\t\t<div class=\"contact-form-consent\">\n\t\t\t<p><span class=\"wpcf7-form-control-wrap\" data-name=\"consent-checkbox\"><span class=\"wpcf7-form-control wpcf7-acceptance\"><span class=\"wpcf7-list-item\"><label><input type=\"checkbox\" name=\"consent-checkbox\" value=\"1\" aria-invalid=\"false\" \/><span class=\"wpcf7-list-item-label\">Ich stimme den Bedingungen und Konditionen zu<\/span><\/label><\/span><\/span><\/span>\n\t\t\t<\/p>\n\t\t<\/div>\n\t<\/div>\n\t<div class=\"col-sm-6\">\n\t\t<div class=\"contact-form-button\">\n\t\t\t<p><input class=\"wpcf7-form-control wpcf7-submit has-spinner\" type=\"submit\" value=\"Absenden\" \/>\n\t\t\t<\/p>\n\t\t<\/div>\n\t<\/div>\n<\/div><p style=\"display: none !important;\" class=\"akismet-fields-container\" data-prefix=\"_wpcf7_ak_\"><label>&#916;<textarea name=\"_wpcf7_ak_hp_textarea\" cols=\"45\" rows=\"8\" maxlength=\"100\"><\/textarea><\/label><input type=\"hidden\" id=\"ak_js_1\" name=\"_wpcf7_ak_js\" value=\"219\"\/><script>document.getElementById( \"ak_js_1\" ).setAttribute( \"value\", ( new Date() ).getTime() );<\/script><\/p><div class=\"wpcf7-response-output\" aria-hidden=\"true\"><\/div>\n<\/form>\n<\/div>\n\n<\/div>\n\n\n\n<div style=\"height:4rem\" aria-hidden=\"true\" class=\"wp-block-spacer\"><\/div>\n<\/div><\/div>\n<\/div><\/div>\n<\/div><\/div>\n\n<div class=\"wp-block-group section-contact-us-relevant\"><div class=\"wp-block-group__inner-container is-layout-constrained wp-block-group-is-layout-constrained\">\n<div class=\"wp-block-cover is-light\"><img loading=\"lazy\" decoding=\"async\" width=\"1920\" height=\"1200\" class=\"wp-block-cover__image-background wp-image-863\" alt=\"Just-Faster\" src=\"https:\/\/just-faster.com\/wp-content\/uploads\/2024\/05\/contact-us-relevant.jpg\" data-object-fit=\"cover\" srcset=\"https:\/\/just-faster.com\/wp-content\/uploads\/2024\/05\/contact-us-relevant.jpg 1920w, https:\/\/just-faster.com\/wp-content\/uploads\/2024\/05\/contact-us-relevant-300x188.jpg 300w, https:\/\/just-faster.com\/wp-content\/uploads\/2024\/05\/contact-us-relevant-1024x640.jpg 1024w, https:\/\/just-faster.com\/wp-content\/uploads\/2024\/05\/contact-us-relevant-768x480.jpg 768w, https:\/\/just-faster.com\/wp-content\/uploads\/2024\/05\/contact-us-relevant-1536x960.jpg 1536w\" sizes=\"auto, (max-width: 1920px) 100vw, 1920px\" \/><span aria-hidden=\"true\" class=\"wp-block-cover__background has-background-dim-0 has-background-dim\" style=\"background-color:#eeefef\"><\/span><div class=\"wp-block-cover__inner-container is-layout-constrained wp-block-cover-is-layout-constrained\">\n<div class=\"wp-block-group container\"><div class=\"wp-block-group__inner-container is-layout-constrained wp-block-group-is-layout-constrained\">\n<div style=\"height:4rem\" aria-hidden=\"true\" class=\"wp-block-spacer\"><\/div>\n\n\n\n<div class=\"wp-block-group section-contact-us-relevant__title\"><div class=\"wp-block-group__inner-container is-layout-constrained wp-block-group-is-layout-constrained\">\n<h2 class=\"wp-block-heading has-text-align-center\">Relevante Kontakte:<\/h2>\n<\/div><\/div>\n\n\n\n<div style=\"height:3rem\" aria-hidden=\"true\" class=\"wp-block-spacer\"><\/div>\n\n\n\n<div class=\"wp-block-columns is-layout-flex wp-container-core-columns-is-layout-9d6595d7 wp-block-columns-is-layout-flex\">\n<div class=\"wp-block-column section-contact-us-relevant__content is-layout-flow wp-block-column-is-layout-flow\" style=\"flex-basis:66.66%\">\n<p>Darf ich vorstellen: Dejan Shindilovski:<\/p>\n\n\n\n<p><strong>Mitglied des Vorstands der Gruppe &amp; Sprecher des Vorstands<\/strong><\/p>\n\n\n\n<div style=\"height:1rem\" aria-hidden=\"true\" class=\"wp-block-spacer\"><\/div>\n\n\n\n<p>Dejan garantiert, dass jedes Projekt dank seiner au\u00dfergew\u00f6hnlichen B2B- und Projektmanagement-F\u00e4higkeiten die Erwartungen nicht nur erf\u00fcllt, sondern auch \u00fcbertrifft. Sein fundiertes Wissen \u00fcber Ausrichtung und Organisationskultur f\u00f6rdert eine koh\u00e4rente, engagierte Belegschaft, die st\u00e4ndig bereit ist, neue Aufgaben zu \u00fcbernehmen und die Entwicklung voranzutreiben.<\/p>\n\n\n\n<p>Die F\u00f6rderung einer innovativen Kultur und st\u00e4ndige Weiterentwicklung sind f\u00fcr Dejans F\u00fchrungsstil unerl\u00e4sslich. Er ist der festen \u00dcberzeugung, dass Unternehmenskultur und Gesch\u00e4ftsziele im Einklang stehen sollten, damit das Team als Ganzes vorankommt. Schlie\u00dfen Sie sich mit Dejan unter <a href=\"mailto:dshindilovski@just-faster.com\">dshindilovski@just-faster.com<\/a> zusammen und entdecken Sie neue Ideen f\u00fcr die Zusammenarbeit. Lassen Sie uns f\u00fcr den gemeinsamen Erfolg zusammenarbeiten!<\/p>\n<\/div>\n\n\n\n<div class=\"wp-block-column section-contact-us-relevant__media is-layout-flow wp-block-column-is-layout-flow\" style=\"flex-basis:33.33%\">\n<figure class=\"wp-block-image size-full\"><img loading=\"lazy\" decoding=\"async\" width=\"600\" height=\"600\" src=\"https:\/\/just-faster.com\/wp-content\/uploads\/2025\/08\/dejan-shindilovski-600x600-1.jpg\" alt=\"\" class=\"wp-image-2559\" srcset=\"https:\/\/just-faster.com\/wp-content\/uploads\/2025\/08\/dejan-shindilovski-600x600-1.jpg 600w, https:\/\/just-faster.com\/wp-content\/uploads\/2025\/08\/dejan-shindilovski-600x600-1-300x300.jpg 300w, https:\/\/just-faster.com\/wp-content\/uploads\/2025\/08\/dejan-shindilovski-600x600-1-150x150.jpg 150w\" sizes=\"auto, (max-width: 600px) 100vw, 600px\" \/><\/figure>\n\n\n\n<p>Kontakt f\u00fcr: Alle Anfragen, mit Ausnahme derer, die sich auf Partnerschaften beziehen<\/p>\n<\/div>\n<\/div>\n\n\n\n<div style=\"height:4rem\" aria-hidden=\"true\" class=\"wp-block-spacer\"><\/div>\n<\/div><\/div>\n<\/div><\/div>\n<\/div><\/div>\n","protected":false},"excerpt":{"rendered":"","protected":false},"author":1,"featured_media":0,"parent":0,"menu_order":0,"comment_status":"closed","ping_status":"closed","template":"","meta":{"om_disable_all_campaigns":false,"_monsterinsights_skip_tracking":false,"_monsterinsights_sitenote_active":false,"_monsterinsights_sitenote_note":"","_monsterinsights_sitenote_category":0,"footnotes":""},"class_list":["post-1431","page","type-page","status-publish","hentry"],"aioseo_notices":[],"_links":{"self":[{"href":"https:\/\/just-faster.com\/de\/wp-json\/wp\/v2\/pages\/1431","targetHints":{"allow":["GET"]}}],"collection":[{"href":"https:\/\/just-faster.com\/de\/wp-json\/wp\/v2\/pages"}],"about":[{"href":"https:\/\/just-faster.com\/de\/wp-json\/wp\/v2\/types\/page"}],"author":[{"embeddable":true,"href":"https:\/\/just-faster.com\/de\/wp-json\/wp\/v2\/users\/1"}],"replies":[{"embeddable":true,"href":"https:\/\/just-faster.com\/de\/wp-json\/wp\/v2\/comments?post=1431"}],"version-history":[{"count":5,"href":"https:\/\/just-faster.com\/de\/wp-json\/wp\/v2\/pages\/1431\/revisions"}],"predecessor-version":[{"id":2577,"href":"https:\/\/just-faster.com\/de\/wp-json\/wp\/v2\/pages\/1431\/revisions\/2577"}],"wp:attachment":[{"href":"https:\/\/just-faster.com\/de\/wp-json\/wp\/v2\/media?parent=1431"}],"curies":[{"name":"wp","href":"https:\/\/api.w.org\/{rel}","templated":true}]}}