{"id":1434,"date":"2024-04-28T11:38:32","date_gmt":"2024-04-28T11:38:32","guid":{"rendered":"https:\/\/just-faster.com\/bedingungen-konditionen\/"},"modified":"2026-03-06T08:21:41","modified_gmt":"2026-03-06T08:21:41","slug":"bedingungen-konditionen","status":"publish","type":"page","link":"https:\/\/just-faster.com\/de\/bedingungen-konditionen\/","title":{"rendered":"Bedingungen &amp; Konditionen"},"content":{"rendered":"\n<div class=\"wp-block-group section-keyvisual\"><div class=\"wp-block-group__inner-container is-layout-constrained wp-block-group-is-layout-constrained\">\n<div class=\"wp-block-cover\"><img loading=\"lazy\" decoding=\"async\" width=\"1920\" height=\"500\" class=\"wp-block-cover__image-background wp-image-676\" alt=\"Just-Faster\" src=\"https:\/\/just-faster.com\/wp-content\/uploads\/2024\/05\/default-bck.jpg\" data-object-fit=\"cover\" srcset=\"https:\/\/just-faster.com\/wp-content\/uploads\/2024\/05\/default-bck.jpg 1920w, https:\/\/just-faster.com\/wp-content\/uploads\/2024\/05\/default-bck-300x78.jpg 300w, https:\/\/just-faster.com\/wp-content\/uploads\/2024\/05\/default-bck-1024x267.jpg 1024w, https:\/\/just-faster.com\/wp-content\/uploads\/2024\/05\/default-bck-768x200.jpg 768w, https:\/\/just-faster.com\/wp-content\/uploads\/2024\/05\/default-bck-1536x400.jpg 1536w\" sizes=\"auto, (max-width: 1920px) 100vw, 1920px\" \/><span aria-hidden=\"true\" class=\"wp-block-cover__background has-background-dim-0 has-background-dim\" style=\"background-color:#eeefef\"><\/span><div class=\"wp-block-cover__inner-container is-layout-constrained wp-block-cover-is-layout-constrained\">\n<div class=\"wp-block-group container\"><div class=\"wp-block-group__inner-container is-layout-constrained wp-block-group-is-layout-constrained\">\n<div style=\"height:4rem\" aria-hidden=\"true\" class=\"wp-block-spacer\"><\/div>\n\n\n\n<div class=\"wp-block-group section-keyvisual__title section-max-960\"><div class=\"wp-block-group__inner-container is-layout-constrained wp-block-group-is-layout-constrained\">\n<h1 class=\"wp-block-heading has-text-align-center display-1\" style=\"padding-bottom:3rem\">Bedingungen und Konditionen<\/h1>\n\n\n\n<p>Willkommen auf der Website der Just-Faster Group. Indem Sie auf unsere Website zugreifen oder sie nutzen, erkl\u00e4ren Sie sich mit den folgenden Nutzungsbedingungen einverstanden und sind daran gebunden. Bitte lesen Sie diese Bedingungen sorgf\u00e4ltig durch, bevor Sie unsere Website nutzen.<\/p>\n<\/div><\/div>\n\n\n\n<div style=\"height:4rem\" aria-hidden=\"true\" class=\"wp-block-spacer\"><\/div>\n<\/div><\/div>\n<\/div><\/div>\n<\/div><\/div>\n\n<div class=\"wp-block-group section-text\"><div class=\"wp-block-group__inner-container is-layout-constrained wp-block-group-is-layout-constrained\">\n<div class=\"wp-block-group container\"><div class=\"wp-block-group__inner-container is-layout-constrained wp-block-group-is-layout-constrained\">\n<div style=\"height:4rem\" aria-hidden=\"true\" class=\"wp-block-spacer\"><\/div>\n\n\n\n<h2 class=\"wp-block-heading\">Nutzung der Website:<\/h2>\n\n\n\n<p>Der Inhalt der Seiten dieser Website dient nur zu Ihrer allgemeinen Information und Nutzung. Sie kann ohne vorherige Ank\u00fcndigung ge\u00e4ndert werden. Weder wir noch Dritte geben eine Garantie oder Gew\u00e4hrleistung f\u00fcr die Richtigkeit, Aktualit\u00e4t, Leistung, Vollst\u00e4ndigkeit oder Eignung der auf dieser Website gefundenen oder angebotenen Informationen und Materialien f\u00fcr einen bestimmten Zweck. Sie erkennen an, dass diese Informationen und Materialien Ungenauigkeiten oder Fehler enthalten k\u00f6nnen, und wir schlie\u00dfen ausdr\u00fccklich die Haftung f\u00fcr solche Ungenauigkeiten oder Fehler aus, soweit dies gesetzlich zul\u00e4ssig ist.<\/p>\n\n\n\n<div style=\"height:2rem\" aria-hidden=\"true\" class=\"wp-block-spacer\"><\/div>\n\n\n\n<h2 class=\"wp-block-heading\">Geistiges Eigentum:<\/h2>\n\n\n\n<p>Diese Website enth\u00e4lt Material, das unser Eigentum ist oder an uns lizenziert wurde. Dieses Material umfasst unter anderem das Design, Layout, Aussehen, Erscheinungsbild und die Grafiken. Die Vervielf\u00e4ltigung ist nur in \u00dcbereinstimmung mit dem Urheberrechtsvermerk gestattet, der Teil dieser Bedingungen ist. Alle auf dieser Website wiedergegebenen Marken, die nicht Eigentum des Betreibers sind oder von ihm lizenziert wurden, sind auf der Website angegeben.<\/p>\n\n\n\n<div style=\"height:2rem\" aria-hidden=\"true\" class=\"wp-block-spacer\"><\/div>\n\n\n\n<h2 class=\"wp-block-heading\">Unerlaubte Nutzung:<\/h2>\n\n\n\n<p>Die unbefugte Nutzung dieser Website kann zu Schadensersatzanspr\u00fcchen f\u00fchren und\/oder eine Straftat darstellen.<\/p>\n\n\n\n<div style=\"height:2rem\" aria-hidden=\"true\" class=\"wp-block-spacer\"><\/div>\n\n\n\n<h2 class=\"wp-block-heading\">Externe Links:<\/h2>\n\n\n\n<p>Von Zeit zu Zeit kann diese Website auch Links zu anderen Websites enthalten. Diese Links dienen dazu, Ihnen weitere Informationen zur Verf\u00fcgung zu stellen. Sie bedeuten nicht, dass wir die Website(s) guthei\u00dfen. Wir \u00fcbernehmen keine Verantwortung f\u00fcr den Inhalt der verlinkten Website(s).<\/p>\n\n\n\n<div style=\"height:2rem\" aria-hidden=\"true\" class=\"wp-block-spacer\"><\/div>\n\n\n\n<h2 class=\"wp-block-heading\">Privatsph\u00e4re:<\/h2>\n\n\n\n<p>Ihre Nutzung dieser Website unterliegt unserer Datenschutzrichtlinie, die Teil dieser Bedingungen ist. Durch die Nutzung unserer Website erkl\u00e4ren Sie sich mit der Verarbeitung Ihrer Daten, wie in unserer Datenschutzrichtlinie beschrieben, einverstanden.<\/p>\n\n\n\n<div style=\"height:2rem\" aria-hidden=\"true\" class=\"wp-block-spacer\"><\/div>\n\n\n\n<h2 class=\"wp-block-heading\">Einschr\u00e4nkung der Haftung:<\/h2>\n\n\n\n<p>Die Nutzung von Informationen oder Materialien auf dieser Website erfolgt auf Ihr eigenes Risiko, f\u00fcr das wir nicht haften. Es liegt in Ihrer eigenen Verantwortung, sicherzustellen, dass alle Produkte, Dienstleistungen oder Informationen, die \u00fcber diese Website verf\u00fcgbar sind, Ihren spezifischen Anforderungen entsprechen.<\/p>\n\n\n\n<div style=\"height:2rem\" aria-hidden=\"true\" class=\"wp-block-spacer\"><\/div>\n\n\n\n<h2 class=\"wp-block-heading\">Geltendes Recht:<\/h2>\n\n\n\n<p>Ihre Nutzung dieser Website und alle Streitigkeiten, die sich aus dieser Nutzung der Website ergeben, unterliegen den Gesetzen der Schweiz und der Gerichtsbarkeit des Kantons Luzern.<\/p>\n\n\n\n<p>Wir behalten uns das Recht vor, diese Bedingungen jederzeit und ohne Vorank\u00fcndigung zu \u00e4ndern. Indem Sie die Website nach einer \u00c4nderung weiterhin nutzen, erkl\u00e4ren Sie sich mit den ge\u00e4nderten Bedingungen und Konditionen einverstanden.<\/p>\n\n\n\n<p>Wenn Sie Fragen zu diesen Bedingungen haben, kontaktieren Sie uns bitte unter <a href=\"mailto:info@just-faster.com\" title=\"\">info@just-faster.com<\/a> oder <a href=\"tel:+41435053204\" title=\"\">+41 43 5053204<\/a> (Telefon\/WhatsApp). Vielen Dank, dass Sie die Website der Just-Faster Group besuchen.<\/p>\n\n\n\n<div style=\"height:4rem\" aria-hidden=\"true\" class=\"wp-block-spacer\"><\/div>\n<\/div><\/div>\n<\/div><\/div>\n","protected":false},"excerpt":{"rendered":"<p>Nutzung der Website: Der Inhalt der Seiten dieser Website dient nur zu Ihrer allgemeinen Information und Nutzung. Sie kann ohne vorherige Ank\u00fcndigung ge\u00e4ndert werden. Weder wir noch Dritte geben eine Garantie oder Gew\u00e4hrleistung f\u00fcr die Richtigkeit, Aktualit\u00e4t, Leistung, Vollst\u00e4ndigkeit oder Eignung der auf dieser Website gefundenen oder angebotenen Informationen und Materialien f\u00fcr einen bestimmten Zweck. [&hellip;]<\/p>\n","protected":false},"author":1,"featured_media":0,"parent":0,"menu_order":0,"comment_status":"closed","ping_status":"closed","template":"","meta":{"om_disable_all_campaigns":false,"_monsterinsights_skip_tracking":false,"_monsterinsights_sitenote_active":false,"_monsterinsights_sitenote_note":"","_monsterinsights_sitenote_category":0,"footnotes":""},"class_list":["post-1434","page","type-page","status-publish","hentry"],"aioseo_notices":[],"_links":{"self":[{"href":"https:\/\/just-faster.com\/de\/wp-json\/wp\/v2\/pages\/1434","targetHints":{"allow":["GET"]}}],"collection":[{"href":"https:\/\/just-faster.com\/de\/wp-json\/wp\/v2\/pages"}],"about":[{"href":"https:\/\/just-faster.com\/de\/wp-json\/wp\/v2\/types\/page"}],"author":[{"embeddable":true,"href":"https:\/\/just-faster.com\/de\/wp-json\/wp\/v2\/users\/1"}],"replies":[{"embeddable":true,"href":"https:\/\/just-faster.com\/de\/wp-json\/wp\/v2\/comments?post=1434"}],"version-history":[{"count":4,"href":"https:\/\/just-faster.com\/de\/wp-json\/wp\/v2\/pages\/1434\/revisions"}],"predecessor-version":[{"id":4096,"href":"https:\/\/just-faster.com\/de\/wp-json\/wp\/v2\/pages\/1434\/revisions\/4096"}],"wp:attachment":[{"href":"https:\/\/just-faster.com\/de\/wp-json\/wp\/v2\/media?parent=1434"}],"curies":[{"name":"wp","href":"https:\/\/api.w.org\/{rel}","templated":true}]}}