{"id":1444,"date":"2024-05-15T11:35:06","date_gmt":"2024-05-15T11:35:06","guid":{"rendered":"https:\/\/just-faster.com\/eilmeldung\/"},"modified":"2024-06-07T11:23:54","modified_gmt":"2024-06-07T11:23:54","slug":"eilmeldung","status":"publish","type":"page","link":"https:\/\/just-faster.com\/de\/eilmeldung\/","title":{"rendered":"Eilmeldung"},"content":{"rendered":"\n<div class=\"wp-block-group section-keyvisual\"><div class=\"wp-block-group__inner-container is-layout-constrained wp-block-group-is-layout-constrained\">\n<div class=\"wp-block-cover\"><span aria-hidden=\"true\" class=\"wp-block-cover__background has-background-dim-0 has-background-dim\" style=\"background-color:#eeefef\"><\/span><img loading=\"lazy\" decoding=\"async\" width=\"1920\" height=\"500\" class=\"wp-block-cover__image-background wp-image-779\" alt=\"Just-Faster\" src=\"https:\/\/just-faster.com\/wp-content\/uploads\/2024\/05\/news-keyvisual-bck.jpg\" data-object-fit=\"cover\" srcset=\"https:\/\/just-faster.com\/wp-content\/uploads\/2024\/05\/news-keyvisual-bck.jpg 1920w, https:\/\/just-faster.com\/wp-content\/uploads\/2024\/05\/news-keyvisual-bck-300x78.jpg 300w, https:\/\/just-faster.com\/wp-content\/uploads\/2024\/05\/news-keyvisual-bck-1024x267.jpg 1024w, https:\/\/just-faster.com\/wp-content\/uploads\/2024\/05\/news-keyvisual-bck-768x200.jpg 768w, https:\/\/just-faster.com\/wp-content\/uploads\/2024\/05\/news-keyvisual-bck-1536x400.jpg 1536w\" sizes=\"auto, (max-width: 1920px) 100vw, 1920px\" \/><div class=\"wp-block-cover__inner-container is-layout-constrained wp-block-cover-is-layout-constrained\">\n<div class=\"wp-block-group container\"><div class=\"wp-block-group__inner-container is-layout-constrained wp-block-group-is-layout-constrained\">\n<div style=\"height:4rem\" aria-hidden=\"true\" class=\"wp-block-spacer\"><\/div>\n\n\n\n<div class=\"wp-block-group section-keyvisual__title section-max-960\"><div class=\"wp-block-group__inner-container is-layout-constrained wp-block-group-is-layout-constrained\">\n<h1 class=\"wp-block-heading has-text-align-center display-1\">Eilmeldung<\/h1>\n<\/div><\/div>\n\n\n\n<div style=\"height:4rem\" aria-hidden=\"true\" class=\"wp-block-spacer\"><\/div>\n<\/div><\/div>\n<\/div><\/div>\n<\/div><\/div>\n\n<div class=\"wp-block-group section-about-us-welcome section-style-normal-block\"><div class=\"wp-block-group__inner-container is-layout-constrained wp-block-group-is-layout-constrained\">\n<div class=\"wp-block-group container\"><div class=\"wp-block-group__inner-container is-layout-constrained wp-block-group-is-layout-constrained\">\n<div style=\"height:4rem\" aria-hidden=\"true\" class=\"wp-block-spacer\"><\/div>\n\n\n\n<div class=\"wp-block-group section-style-normal-block__title\"><div class=\"wp-block-group__inner-container is-layout-constrained wp-block-group-is-layout-constrained\">\n<p class=\"has-text-align-center\"><strong>Die Just-Faster Group ist stolz darauf, den prestigetr\u00e4chtigen Status eines Platin-Partners von d.velop erreicht zu haben, was einen wichtigen Meilenstein in unserem Engagement f\u00fcr hervorragende Leistungen darstellt. Diese Partnerschaft ist von entscheidender Bedeutung f\u00fcr die Verbesserung der Effizienz und Effektivit\u00e4t der Gesch\u00e4ftsprozesse unserer Kunden, indem sie die innovativen L\u00f6sungen von d.velop&#8230;<\/strong><\/p>\n<\/div><\/div>\n\n\n\n<div style=\"height:2rem;width:0px\" aria-hidden=\"true\" class=\"wp-block-spacer\"><\/div>\n\n\n\n<div class=\"wp-block-group section-style-normal-block__btn is-content-justification-center is-nowrap is-layout-flex wp-container-core-group-is-layout-94bc23d7 wp-block-group-is-layout-flex\">\n<p class=\"button-container\"><a href=\"https:\/\/just-faster.com\/de\/archive-news\/geschaftliche-uberlegenheit-starken-entdecken-sie-die-umfassenden-losungen-von-d-velop\/\" title=\"St&#xE4;rkung der gesch&#xE4;ftlichen &#xDC;berlegenheit: Erforschung von d.velop\">mehr erfahren<\/a><\/p>\n<\/div>\n\n\n\n<div style=\"height:4rem\" aria-hidden=\"true\" class=\"wp-block-spacer\"><\/div>\n<\/div><\/div>\n<\/div><\/div>\n","protected":false},"excerpt":{"rendered":"<p>Die Just-Faster Group ist stolz darauf, den prestigetr\u00e4chtigen Status eines Platin-Partners von d.velop erreicht zu haben, was einen wichtigen Meilenstein in unserem Engagement f\u00fcr hervorragende Leistungen darstellt. Diese Partnerschaft ist von entscheidender Bedeutung f\u00fcr die Verbesserung der Effizienz und Effektivit\u00e4t der Gesch\u00e4ftsprozesse unserer Kunden, indem sie die innovativen L\u00f6sungen von d.velop&#8230; mehr erfahren<\/p>\n","protected":false},"author":1,"featured_media":0,"parent":0,"menu_order":0,"comment_status":"closed","ping_status":"closed","template":"","meta":{"om_disable_all_campaigns":false,"_monsterinsights_skip_tracking":false,"_monsterinsights_sitenote_active":false,"_monsterinsights_sitenote_note":"","_monsterinsights_sitenote_category":0,"footnotes":""},"class_list":["post-1444","page","type-page","status-publish","hentry"],"aioseo_notices":[],"_links":{"self":[{"href":"https:\/\/just-faster.com\/de\/wp-json\/wp\/v2\/pages\/1444","targetHints":{"allow":["GET"]}}],"collection":[{"href":"https:\/\/just-faster.com\/de\/wp-json\/wp\/v2\/pages"}],"about":[{"href":"https:\/\/just-faster.com\/de\/wp-json\/wp\/v2\/types\/page"}],"author":[{"embeddable":true,"href":"https:\/\/just-faster.com\/de\/wp-json\/wp\/v2\/users\/1"}],"replies":[{"embeddable":true,"href":"https:\/\/just-faster.com\/de\/wp-json\/wp\/v2\/comments?post=1444"}],"version-history":[{"count":7,"href":"https:\/\/just-faster.com\/de\/wp-json\/wp\/v2\/pages\/1444\/revisions"}],"predecessor-version":[{"id":1507,"href":"https:\/\/just-faster.com\/de\/wp-json\/wp\/v2\/pages\/1444\/revisions\/1507"}],"wp:attachment":[{"href":"https:\/\/just-faster.com\/de\/wp-json\/wp\/v2\/media?parent=1444"}],"curies":[{"name":"wp","href":"https:\/\/api.w.org\/{rel}","templated":true}]}}