{"id":1448,"date":"2024-04-26T20:05:20","date_gmt":"2024-04-26T20:05:20","guid":{"rendered":"https:\/\/just-faster.com\/datenschutzbestimmungen\/"},"modified":"2024-06-07T11:23:27","modified_gmt":"2024-06-07T11:23:27","slug":"datenschutzbestimmungen","status":"publish","type":"page","link":"https:\/\/just-faster.com\/de\/datenschutzbestimmungen\/","title":{"rendered":"Datenschutzbestimmungen"},"content":{"rendered":"\n<div class=\"wp-block-group section-keyvisual\"><div class=\"wp-block-group__inner-container is-layout-constrained wp-block-group-is-layout-constrained\">\n<div class=\"wp-block-cover\"><span aria-hidden=\"true\" class=\"wp-block-cover__background has-background-dim-0 has-background-dim\" style=\"background-color:#eeefef\"><\/span><img loading=\"lazy\" decoding=\"async\" width=\"1920\" height=\"500\" class=\"wp-block-cover__image-background wp-image-676\" alt=\"Just-Faster\" src=\"https:\/\/just-faster.com\/wp-content\/uploads\/2024\/05\/default-bck.jpg\" data-object-fit=\"cover\" srcset=\"https:\/\/just-faster.com\/wp-content\/uploads\/2024\/05\/default-bck.jpg 1920w, https:\/\/just-faster.com\/wp-content\/uploads\/2024\/05\/default-bck-300x78.jpg 300w, https:\/\/just-faster.com\/wp-content\/uploads\/2024\/05\/default-bck-1024x267.jpg 1024w, https:\/\/just-faster.com\/wp-content\/uploads\/2024\/05\/default-bck-768x200.jpg 768w, https:\/\/just-faster.com\/wp-content\/uploads\/2024\/05\/default-bck-1536x400.jpg 1536w\" sizes=\"auto, (max-width: 1920px) 100vw, 1920px\" \/><div class=\"wp-block-cover__inner-container is-layout-constrained wp-block-cover-is-layout-constrained\">\n<div class=\"wp-block-group container\"><div class=\"wp-block-group__inner-container is-layout-constrained wp-block-group-is-layout-constrained\">\n<div style=\"height:4rem\" aria-hidden=\"true\" class=\"wp-block-spacer\"><\/div>\n\n\n\n<div class=\"wp-block-group section-keyvisual__title section-max-960\"><div class=\"wp-block-group__inner-container is-layout-constrained wp-block-group-is-layout-constrained\">\n<h1 class=\"wp-block-heading has-text-align-center display-1\" style=\"padding-bottom:3rem\">Datenschutzbestimmungen<\/h1>\n\n\n\n<p>Wir bei der Just-Faster Group verpflichten uns, Ihre Privatsph\u00e4re zu sch\u00fctzen und die Sicherheit Ihrer pers\u00f6nlichen Daten zu gew\u00e4hrleisten. Diese Datenschutzrichtlinie beschreibt, wie wir die Informationen, die Sie uns \u00fcber unsere Website-Formulare zur Verf\u00fcgung stellen, sammeln, verwenden und sch\u00fctzen.<\/p>\n<\/div><\/div>\n\n\n\n<div style=\"height:4rem\" aria-hidden=\"true\" class=\"wp-block-spacer\"><\/div>\n<\/div><\/div>\n<\/div><\/div>\n<\/div><\/div>\n\n<div class=\"wp-block-group section-text\"><div class=\"wp-block-group__inner-container is-layout-constrained wp-block-group-is-layout-constrained\">\n<div class=\"wp-block-group container\"><div class=\"wp-block-group__inner-container is-layout-constrained wp-block-group-is-layout-constrained\">\n<div style=\"height:4rem\" aria-hidden=\"true\" class=\"wp-block-spacer\"><\/div>\n\n\n\n<h2 class=\"wp-block-heading\">Informationen, die wir sammeln:<\/h2>\n\n\n\n<p>Wenn Sie unser kostenloses Beratungsformular, das Kontaktformular oder das Newsletter-Formular ausf\u00fcllen, k\u00f6nnen wir pers\u00f6nliche Daten wie Ihren Namen, Ihre E-Mail-Adresse, Ihre Telefonnummer und den Namen Ihres Unternehmens erfassen. Au\u00dferdem k\u00f6nnen wir nicht-personenbezogene Daten wie Ihre IP-Adresse, den Browsertyp und das Betriebssystem erfassen.<\/p>\n\n\n\n<div style=\"height:2rem\" aria-hidden=\"true\" class=\"wp-block-spacer\"><\/div>\n\n\n\n<h2 class=\"wp-block-heading\">Wie wir Ihre Informationen verwenden:<\/h2>\n\n\n\n<p>Wir verwenden die \u00fcber unsere Formulare gesammelten Informationen, um Ihre Anfragen zu beantworten, die angeforderten Dienstleistungen zu erbringen und Ihnen relevante Aktualisierungen und Marketingmitteilungen zu senden, wenn Sie sich f\u00fcr deren Erhalt entscheiden. Wir k\u00f6nnen auch nicht-personenbezogene Daten f\u00fcr Website-Analysen und zur Verbesserung der Funktionalit\u00e4t und Benutzerfreundlichkeit unserer Website verwenden.<\/p>\n\n\n\n<div style=\"height:2rem\" aria-hidden=\"true\" class=\"wp-block-spacer\"><\/div>\n\n\n\n<h2 class=\"wp-block-heading\">Weitergabe Ihrer Informationen:<\/h2>\n\n\n\n<p>Wir werden Ihre pers\u00f6nlichen Daten nicht verkaufen, tauschen oder anderweitig ohne Ihre Zustimmung an Dritte weitergeben, es sei denn, dies ist gesetzlich vorgeschrieben oder um Ihre Anfragen nach Dienstleistungen zu erf\u00fcllen. Wir k\u00f6nnen Ihre Daten jedoch an vertrauensw\u00fcrdige Drittanbieter weitergeben, die uns beim Betrieb unserer Website, bei der Abwicklung unserer Gesch\u00e4fte oder bei der Erbringung von Dienstleistungen f\u00fcr Sie unterst\u00fctzen.<\/p>\n\n\n\n<div style=\"height:2rem\" aria-hidden=\"true\" class=\"wp-block-spacer\"><\/div>\n\n\n\n<h2 class=\"wp-block-heading\">Datensicherheit:<\/h2>\n\n\n\n<p>Wir setzen eine Vielzahl von Sicherheitsma\u00dfnahmen ein, um Ihre pers\u00f6nlichen Daten zu sch\u00fctzen und sie vor unbefugtem Zugriff, Offenlegung, \u00c4nderung oder Zerst\u00f6rung zu bewahren. Keine Methode der \u00dcbertragung \u00fcber das Internet oder der elektronischen Speicherung ist jedoch 100% sicher, und wir k\u00f6nnen keine absolute Sicherheit garantieren.<\/p>\n\n\n\n<div style=\"height:2rem\" aria-hidden=\"true\" class=\"wp-block-spacer\"><\/div>\n\n\n\n<h2 class=\"wp-block-heading\">Cookie-Richtlinie:<\/h2>\n\n\n\n<p>Unsere Website kann Cookies verwenden, um Ihr Surferlebnis zu verbessern und Informationen dar\u00fcber zu sammeln, wie Sie mit unserer Website interagieren. Sie k\u00f6nnen \u00fcber die Einstellungen Ihres Browsers entscheiden, ob Sie Cookies akzeptieren oder ablehnen. Die Deaktivierung von Cookies kann jedoch dazu f\u00fchren, dass Sie auf bestimmte Funktionen unserer Website nicht mehr zugreifen k\u00f6nnen.<\/p>\n\n\n\n<div style=\"height:2rem\" aria-hidden=\"true\" class=\"wp-block-spacer\"><\/div>\n\n\n\n<h2 class=\"wp-block-heading\">Abmeldung:<\/h2>\n\n\n\n<p>Die Abonnenten behalten die volle Kontrolle \u00fcber ihre Teilnahme an unserer Kommunikation. Abonnenten haben jederzeit die M\u00f6glichkeit, sich von unserer Mailingliste abzumelden, indem sie in den erhaltenen E-Mails auf die daf\u00fcr vorgesehene Schaltfl\u00e4che zum Abmelden klicken. Wir respektieren die individuellen Pr\u00e4ferenzen und die Privatsph\u00e4re und sorgen f\u00fcr ein nahtloses und problemloses Abmeldeverfahren als Teil unserer Verpflichtung zu Transparenz und Einhaltung der Datenschutzbestimmungen. Um sich abzumelden <a href=\"https:\/\/gmail.us22.list-manage.com\/unsubscribe?u=af3e3026166c592314f4d36cd&amp;id=c31ecb5770&amp;t=1\" title=\"\">, klicken Sie hier<\/a>.<\/p>\n\n\n\n<div style=\"height:2rem\" aria-hidden=\"true\" class=\"wp-block-spacer\"><\/div>\n\n\n\n<h2 class=\"wp-block-heading\">Ihre Rechte:<\/h2>\n\n\n\n<p>Sie haben das Recht, uns jederzeit zu bitten, Ihre pers\u00f6nlichen Daten zu aktualisieren oder zu l\u00f6schen. Wenn Sie eines dieser Rechte aus\u00fcben m\u00f6chten oder Fragen zu unserer Datenschutzrichtlinie haben, kontaktieren Sie uns bitte unter den unten angegebenen Kontaktdaten.<\/p>\n\n\n\n<div style=\"height:2rem\" aria-hidden=\"true\" class=\"wp-block-spacer\"><\/div>\n\n\n\n<h2 class=\"wp-block-heading\">\u00c4nderungen an dieser Datenschutzrichtlinie:<\/h2>\n\n\n\n<p>Wir behalten uns das Recht vor, diese Datenschutzrichtlinie jederzeit zu aktualisieren oder zu \u00e4ndern, daher sollten Sie sie regelm\u00e4\u00dfig auf \u00c4nderungen \u00fcberpr\u00fcfen. Wenn Sie unsere Website nach einer \u00c4nderung weiterhin nutzen, bedeutet dies, dass Sie die aktualisierte Datenschutzrichtlinie akzeptieren.<\/p>\n\n\n\n<div style=\"height:2rem\" aria-hidden=\"true\" class=\"wp-block-spacer\"><\/div>\n\n\n\n<h2 class=\"wp-block-heading\">Kontaktieren Sie uns:<\/h2>\n\n\n\n<p>Wenn Sie Fragen oder Bedenken zu unserer Datenschutzrichtlinie oder dem Umgang mit Ihren pers\u00f6nlichen Daten haben, kontaktieren Sie uns bitte unter <a href=\"mailto:info@just-faster.com\" title=\"\">info@just-faster.com<\/a> oder <strong><a href=\"tel:+41335333565\">+41 33 533 3565<\/a> (<\/strong>Telefon\/WhatsApp). Vielen Dank, dass Sie der Just-Faster Group Ihre Daten anvertrauen.<\/p>\n\n\n\n<div style=\"height:4rem\" aria-hidden=\"true\" class=\"wp-block-spacer\"><\/div>\n<\/div><\/div>\n<\/div><\/div>\n","protected":false},"excerpt":{"rendered":"<p>Informationen, die wir sammeln: Wenn Sie unser kostenloses Beratungsformular, das Kontaktformular oder das Newsletter-Formular ausf\u00fcllen, k\u00f6nnen wir pers\u00f6nliche Daten wie Ihren Namen, Ihre E-Mail-Adresse, Ihre Telefonnummer und den Namen Ihres Unternehmens erfassen. Au\u00dferdem k\u00f6nnen wir nicht-personenbezogene Daten wie Ihre IP-Adresse, den Browsertyp und das Betriebssystem erfassen. Wie wir Ihre Informationen verwenden: Wir verwenden die \u00fcber [&hellip;]<\/p>\n","protected":false},"author":1,"featured_media":0,"parent":0,"menu_order":0,"comment_status":"closed","ping_status":"closed","template":"","meta":{"om_disable_all_campaigns":false,"_monsterinsights_skip_tracking":false,"_monsterinsights_sitenote_active":false,"_monsterinsights_sitenote_note":"","_monsterinsights_sitenote_category":0,"footnotes":""},"class_list":["post-1448","page","type-page","status-publish","hentry"],"aioseo_notices":[],"_links":{"self":[{"href":"https:\/\/just-faster.com\/de\/wp-json\/wp\/v2\/pages\/1448","targetHints":{"allow":["GET"]}}],"collection":[{"href":"https:\/\/just-faster.com\/de\/wp-json\/wp\/v2\/pages"}],"about":[{"href":"https:\/\/just-faster.com\/de\/wp-json\/wp\/v2\/types\/page"}],"author":[{"embeddable":true,"href":"https:\/\/just-faster.com\/de\/wp-json\/wp\/v2\/users\/1"}],"replies":[{"embeddable":true,"href":"https:\/\/just-faster.com\/de\/wp-json\/wp\/v2\/comments?post=1448"}],"version-history":[{"count":7,"href":"https:\/\/just-faster.com\/de\/wp-json\/wp\/v2\/pages\/1448\/revisions"}],"predecessor-version":[{"id":1503,"href":"https:\/\/just-faster.com\/de\/wp-json\/wp\/v2\/pages\/1448\/revisions\/1503"}],"wp:attachment":[{"href":"https:\/\/just-faster.com\/de\/wp-json\/wp\/v2\/media?parent=1448"}],"curies":[{"name":"wp","href":"https:\/\/api.w.org\/{rel}","templated":true}]}}