{"id":1453,"date":"2024-04-27T10:52:47","date_gmt":"2024-04-27T10:52:47","guid":{"rendered":"https:\/\/just-faster.com\/faq-2\/"},"modified":"2024-06-07T09:59:37","modified_gmt":"2024-06-07T09:59:37","slug":"faq-2","status":"publish","type":"page","link":"https:\/\/just-faster.com\/de\/faq-2\/","title":{"rendered":"FAQ"},"content":{"rendered":"\n<div class=\"wp-block-group section-keyvisual\"><div class=\"wp-block-group__inner-container is-layout-constrained wp-block-group-is-layout-constrained\">\n<div class=\"wp-block-cover\"><span aria-hidden=\"true\" class=\"wp-block-cover__background has-background-dim-0 has-background-dim\" style=\"background-color:#eeefef\"><\/span><img loading=\"lazy\" decoding=\"async\" width=\"1920\" height=\"500\" class=\"wp-block-cover__image-background wp-image-766\" alt=\"Just-Faster\" src=\"https:\/\/just-faster.com\/wp-content\/uploads\/2024\/05\/faq-keyvisual-bck.jpg\" data-object-fit=\"cover\" srcset=\"https:\/\/just-faster.com\/wp-content\/uploads\/2024\/05\/faq-keyvisual-bck.jpg 1920w, https:\/\/just-faster.com\/wp-content\/uploads\/2024\/05\/faq-keyvisual-bck-300x78.jpg 300w, https:\/\/just-faster.com\/wp-content\/uploads\/2024\/05\/faq-keyvisual-bck-1024x267.jpg 1024w, https:\/\/just-faster.com\/wp-content\/uploads\/2024\/05\/faq-keyvisual-bck-768x200.jpg 768w, https:\/\/just-faster.com\/wp-content\/uploads\/2024\/05\/faq-keyvisual-bck-1536x400.jpg 1536w\" sizes=\"auto, (max-width: 1920px) 100vw, 1920px\" \/><div class=\"wp-block-cover__inner-container is-layout-constrained wp-block-cover-is-layout-constrained\">\n<div class=\"wp-block-group container\"><div class=\"wp-block-group__inner-container is-layout-constrained wp-block-group-is-layout-constrained\">\n<div style=\"height:4rem\" aria-hidden=\"true\" class=\"wp-block-spacer\"><\/div>\n\n\n\n<div class=\"wp-block-group section-keyvisual__title section-max-960\"><div class=\"wp-block-group__inner-container is-layout-constrained wp-block-group-is-layout-constrained\">\n<h1 class=\"wp-block-heading has-text-align-center display-1 mb-0 pb-0\" style=\"padding-bottom:3rem\">H\u00e4ufig gestellte Fragen<\/h1>\n<\/div><\/div>\n\n\n\n<div style=\"height:4rem\" aria-hidden=\"true\" class=\"wp-block-spacer\"><\/div>\n<\/div><\/div>\n<\/div><\/div>\n<\/div><\/div>\n\n<div class=\"wp-block-group section-faq\"><div class=\"wp-block-group__inner-container is-layout-constrained wp-block-group-is-layout-constrained\">\n<div class=\"wp-block-cover is-light\"><span aria-hidden=\"true\" class=\"wp-block-cover__background has-background-dim-0 has-background-dim\"><\/span><div class=\"wp-block-cover__inner-container is-layout-constrained wp-block-cover-is-layout-constrained\">\n<div class=\"wp-block-group container\"><div class=\"wp-block-group__inner-container is-layout-constrained wp-block-group-is-layout-constrained\">\n<div style=\"height:4rem\" aria-hidden=\"true\" class=\"wp-block-spacer\"><\/div>\n\n\n\n<div class=\"wp-block-group section-meet-the-team__list\"><div class=\"wp-block-group__inner-container is-layout-constrained wp-block-group-is-layout-constrained\">\n<div class=\"accordion\" id=\"accordionFAQ\">\n    <!-- Segment 1 -->\n    <div class=\"accordion-item\">\n        <h2 class=\"accordion-header\" id=\"headingOne\">\n            <button class=\"accordion-button\" type=\"button\" data-bs-toggle=\"collapse\" data-bs-target=\"#collapseOne\" aria-expanded=\"true\" aria-controls=\"collapseOne\">\n                <span>1.<\/span> Welche Dienstleistungen bietet die Just-Faster Group an?\n            <\/button>\n        <\/h2>\n        <div id=\"collapseOne\" class=\"accordion-collapse collapse show\" aria-labelledby=\"headingOne\" data-bs-parent=\"#accordionFAQ\">\n            <div class=\"accordion-body\">\n  Die Just-Faster Group bietet eine breite Palette von Dienstleistungen an\n  um die Effizienz und Produktivit\u00e4t Ihres Unternehmens zu steigern. Diese\n  umfassen strategische Beratung zur Verfeinerung von Gesch\u00e4ftsstrategien,\n  die Optimierung bestehender Prozesse f\u00fcr rationelle Abl\u00e4ufe,\n  die Integration verschiedener Systeme, um eine nahtlose Funktionalit\u00e4t zu gew\u00e4hrleisten,\n  Bereitstellung von Cloud-basierten L\u00f6sungen f\u00fcr mehr Flexibilit\u00e4t und\n  Skalierbarkeit und Auslagerung von Gesch\u00e4ftsprozessen, um sich auf das Wesentliche zu konzentrieren\n  Kompetenzen. Unser ganzheitlicher Ansatz deckt die unterschiedlichen Bed\u00fcrfnisse ab\n  von Unternehmen aus verschiedenen Sektoren, um sie in die Lage zu versetzen\n  ihre Ziele effektiv und nachhaltig zu erreichen.\n            <\/div>\n        <\/div>\n    <\/div>\n    <!-- Segment 2 -->\n    <div class=\"accordion-item\">\n        <h2 class=\"accordion-header\" id=\"headingTwo\">\n            <button class=\"accordion-button collapsed\" type=\"button\" data-bs-toggle=\"collapse\" data-bs-target=\"#collapseTwo\" aria-expanded=\"false\" aria-controls=\"collapseTwo\">\n                <span>2.<\/span> Wie kann ich eine kostenlose Beratung mit\n  Just-Faster Group?\n            <\/button>\n        <\/h2>\n        <div id=\"collapseTwo\" class=\"accordion-collapse collapse\" aria-labelledby=\"headingTwo\" data-bs-parent=\"#accordionFAQ\">\n            <div class=\"accordion-body\">\n  Um eine kostenlose Beratung mit der Just-Faster Group zu vereinbaren, gibt es\n  stehen Ihnen mehrere M\u00f6glichkeiten zur Verf\u00fcgung. Sie k\u00f6nnen nahtlos\n  fordern Sie eine Beratung an, indem Sie das Formular bequem ausf\u00fcllen\n  die Sie auf unserer Website finden. Alternativ k\u00f6nnen Sie sich auch an\n  uns direkt \u00fcber traditionelle Kommunikationskan\u00e4le wie\n  als Telefon oder E-Mail. Unser engagiertes Team ist bereit, Sie zu unterst\u00fctzen\n  einen Beratungstermin zu vereinbaren, der auf Ihre speziellen Bed\u00fcrfnisse zugeschnitten ist.\n  Bed\u00fcrfnisse und Ziele.\n            <\/div>\n        <\/div>\n    <\/div>\n    <!-- Segment 3 -->\n    <div class=\"accordion-item\">\n        <h2 class=\"accordion-header\" id=\"headingThree\">\n            <button class=\"accordion-button collapsed\" type=\"button\" data-bs-toggle=\"collapse\" data-bs-target=\"#collapseThree\" aria-expanded=\"false\" aria-controls=\"collapseThree\">\n                <span>3.<\/span> In welchen Branchen ist die Just-Faster Group t\u00e4tig?\n  spezialisieren Sie sich auf die Bedienung?\n            <\/button>\n        <\/h2>\n        <div id=\"collapseThree\" class=\"accordion-collapse collapse\" aria-labelledby=\"headingThree\" data-bs-parent=\"#accordionFAQ\">\n            <div class=\"accordion-body\">\n  Die Just-Faster Group ist spezialisiert auf die Versorgung einer Vielzahl von\n  Branchen und nutzen unser Fachwissen, um ma\u00dfgeschneiderte\n  L\u00f6sungen, die den einzigartigen Anforderungen jedes Sektors entsprechen. Unser\n  Der Kundenkreis erstreckt sich \u00fcber verschiedene Bereiche, einschlie\u00dflich des Gesundheitswesens,\n  Finanzwesen, Logistik, Einzelhandel, \u00f6ffentliche Verwaltung und dar\u00fcber hinaus.\n  Mit einem tiefen Verst\u00e4ndnis f\u00fcr branchenspezifische Herausforderungen und\n  Chancen zu nutzen, engagieren wir uns f\u00fcr die Bereitstellung innovativer und\n  effektive Strategien, die Erfolg und Wachstum f\u00fcr unsere\n  Kunden in ihren jeweiligen Bereichen.\n            <\/div>\n        <\/div>\n    <\/div>\n    <!-- Segment 4 -->\n    <div class=\"accordion-item\">\n        <h2 class=\"accordion-header\" id=\"headingFour\">\n            <button class=\"accordion-button collapsed\" type=\"button\" data-bs-toggle=\"collapse\" data-bs-target=\"#collapseFour\" aria-expanded=\"false\" aria-controls=\"collapseFour\">\n                <span>4.<\/span> Kann die Just-Faster Group mit unserem\n  bestehende Systeme?\n            <\/button>\n        <\/h2>\n        <div id=\"collapseFour\" class=\"accordion-collapse collapse\" aria-labelledby=\"headingFour\" data-bs-parent=\"#accordionFAQ\">\n            <div class=\"accordion-body\">\n  Ja, die Just-Faster Group verf\u00fcgt \u00fcber die F\u00e4higkeit, nahtlos\n  mit Ihren bereits vorhandenen Systemen zu integrieren, was eine reibungslose\n  \u00dcbergang und Gew\u00e4hrleistung einer optimalen Funktionalit\u00e4t. Durch Harmonisierung\n  unserer L\u00f6sungen mit Ihrer aktuellen Infrastruktur, streben wir danach\n  den Betrieb zu rationalisieren und die Gesamteffizienz zu verbessern. Unser versierter\n  Team ist sehr versiert in der Navigation durch die Komplexit\u00e4t der Integration, um\n  nahtlose und zusammenh\u00e4ngende L\u00f6sungen zu liefern, die sich nahtlos aneinander anpassen\n  mit den Zielen Ihrer Organisation.\n            <\/div>\n        <\/div>\n    <\/div>\n    <!-- Segment 5 -->\n    <div class=\"accordion-item\">\n        <h2 class=\"accordion-header\" id=\"headingFive\">\n            <button class=\"accordion-button collapsed\" type=\"button\" data-bs-toggle=\"collapse\" data-bs-target=\"#collapseFive\" aria-expanded=\"false\" aria-controls=\"collapseFive\">\n                <span>5.<\/span> Wie gew\u00e4hrleistet die Just-Faster Group die Datensicherheit?\n  und Privatsph\u00e4re?\n            <\/button>\n        <\/h2>\n        <div id=\"collapseFive\" class=\"accordion-collapse collapse\" aria-labelledby=\"headingFive\" data-bs-parent=\"#accordionFAQ\">\n            <div class=\"accordion-body\">\n  Die Gew\u00e4hrleistung der Sicherheit und des Schutzes Ihrer Daten ist von gr\u00f6\u00dfter Bedeutung f\u00fcr\n  Just-Faster Group. Wir halten uns an strenge Protokolle und Industrie\n  Best Practices zum Schutz Ihrer Daten vor potenziellen\n  Bedrohungen. Unser umfassender Ansatz umfasst die\n  die Umsetzung robuster Sicherheitsma\u00dfnahmen und die Befolgung der\n  beh\u00f6rdliche Standards, um Ihre Daten vor unbefugten Zugriffen zu sch\u00fctzen\n  Zugang, Verst\u00f6\u00dfe und Schwachstellen. Durch Priorisierung der Daten\n  Sicherheit und Datenschutz, wollen wir das Vertrauen in unsere\n  Kunden und halten die h\u00f6chsten Standards der Integrit\u00e4t und des Vertrauens aufrecht.\n            <\/div>\n        <\/div>\n    <\/div>\n    <!-- Segment 6 -->\n    <div class=\"accordion-item\">\n        <h2 class=\"accordion-header\" id=\"headingSix\">\n            <button class=\"accordion-button collapsed\" type=\"button\" data-bs-toggle=\"collapse\" data-bs-target=\"#collapseSix\" aria-expanded=\"false\" aria-controls=\"collapseSix\">\n                <span>6.<\/span> Wie werden die L\u00f6sungen umgesetzt?\n  von Just-Faster Group?\n            <\/button>\n        <\/h2>\n        <div id=\"collapseSix\" class=\"accordion-collapse collapse\" aria-labelledby=\"headingSix\" data-bs-parent=\"#accordionFAQ\">\n            <div class=\"accordion-body\">\n  Der Prozess der Implementierung von L\u00f6sungen der Just-Faster Group ist\n  sorgf\u00e4ltig strukturiert, um eine nahtlose Ausf\u00fchrung und optimale\n  Ergebnisse. Es beginnt mit einer ersten Beratungsphase, in der\n  wir mit unseren Kunden zusammenarbeiten, um ihre einzigartigen\n  Anforderungen und Ziele. Anschlie\u00dfend wird unser Expertenteam\n  geht zum L\u00f6sungsdesign \u00fcber und entwirft akribisch ma\u00dfgeschneiderte\n  Strategien, um bestimmte Bed\u00fcrfnisse zu erf\u00fcllen. Anschlie\u00dfend fahren wir fort\n  mit der Implementierungsphase, in der unsere L\u00f6sungen eingesetzt werden\n  und so konfiguriert, dass sie sich nahtlos in Ihr Unternehmen einf\u00fcgen\n  Rahmen. Anschlie\u00dfend werden strenge Tests durchgef\u00fchrt, um die\n  Leistung und Funktionalit\u00e4t, um einen reibungslosen \u00dcbergang zu gew\u00e4hrleisten.\n  Schlie\u00dflich erstreckt sich unser Engagement auch auf die laufende Unterst\u00fctzung von\n  unsere Kunden, um sicherzustellen, dass ihre L\u00f6sungen weiterhin funktionieren\n  im Laufe der Zeit effizient und effektiv.\n            <\/div>\n        <\/div>\n    <\/div>\n    <!-- Segment 7 -->\n    <div class=\"accordion-item\">\n        <h2 class=\"accordion-header\" id=\"headingSeven\">\n            <button class=\"accordion-button collapsed\" type=\"button\" data-bs-toggle=\"collapse\" data-bs-target=\"#collapseSeven\" aria-expanded=\"false\" aria-controls=\"collapseSeven\">\n                <span>7.<\/span> Wie kann ich den Newsletter der Just-Faster Group abonnieren?\n  Newsletter f\u00fcr Updates?\n            <\/button>\n        <\/h2>\n        <div id=\"collapseSeven\" class=\"accordion-collapse collapse\" aria-labelledby=\"headingSeven\" data-bs-parent=\"#accordionFAQ\">\n            <div class=\"accordion-body\">\n  Abonnieren Sie den Newsletter der Just-Faster Group f\u00fcr die neuesten Informationen\n  Updates und Einblicke ist m\u00fchelos m\u00f6glich. Sie k\u00f6nnen das Formular einfach ausf\u00fcllen\n  Anmeldeformular auf unserer Website oder kontaktieren Sie uns\n  direkt an, und wir sorgen daf\u00fcr, dass Sie umgehend in unser Verzeichnis aufgenommen werden.\n  Mailingliste. Bleiben Sie informiert und verbunden mit Just-Faster\n  Group \u00fcber die neuesten Entwicklungen und Branchennachrichten, indem Sie den Newsletter abonnieren.\n  unser Newsletter heute!\n            <\/div>\n        <\/div>\n    <\/div>\n    <!-- Segment 8 -->\n    <div class=\"accordion-item\">\n        <h2 class=\"accordion-header\" id=\"headingEight\">\n            <button class=\"accordion-button collapsed\" type=\"button\" data-bs-toggle=\"collapse\" data-bs-target=\"#collapseEight\" aria-expanded=\"false\" aria-controls=\"collapseEight\">\n                <span>8.<\/span> Bietet die Just-Faster Group laufende Unterst\u00fctzung\n  und Wartung?\n            <\/button>\n        <\/h2>\n        <div id=\"collapseEight\" class=\"accordion-collapse collapse\" aria-labelledby=\"headingEight\" data-bs-parent=\"#accordionFAQ\">\n            <div class=\"accordion-body\">\n  Ja, wir bei der Just-Faster Group verstehen die Bedeutung von\n  laufende Unterst\u00fctzung und Wartung zur Aufrechterhaltung der Effektivit\u00e4t und\n  Zuverl\u00e4ssigkeit unserer L\u00f6sungen. Deshalb bieten wir umfassende\n  Unterst\u00fctzungsdienste f\u00fcr unsere gesch\u00e4tzten Kunden, um sicherzustellen, dass ihre\n  Systeme und Prozesse weiterhin reibungslos funktionieren und\n  effizient. Unser engagiertes Team ist bestrebt, Ihnen rechtzeitig\n  Unterst\u00fctzung und proaktive Wartung, um alle Probleme und\n  die Leistung unserer L\u00f6sungen zu optimieren. Seien Sie versichert, mit\n  Just-Faster Group erhalten Sie die Unterst\u00fctzung, die Sie brauchen, um\n  nachhaltigen Erfolg zu erzielen.\n            <\/div>\n        <\/div>\n    <\/div>\n    <!-- Segment 9 -->\n    <div class=\"accordion-item\">\n        <h2 class=\"accordion-header\" id=\"headingNine\">\n            <button class=\"accordion-button collapsed\" type=\"button\" data-bs-toggle=\"collapse\" data-bs-target=\"#collapseNine\" aria-expanded=\"false\" aria-controls=\"collapseNine\">\n                <span>9.<\/span> Was sind die Vorteile einer Partnerschaft mit\n  Just-Faster Group?\n            <\/button>\n        <\/h2>\n        <div id=\"collapseNine\" class=\"accordion-collapse collapse\" aria-labelledby=\"headingNine\" data-bs-parent=\"#accordionFAQ\">\n            <div class=\"accordion-body\">\n  Eine Partnerschaft mit der Just-Faster Group \u00f6ffnet Ihnen die T\u00fcren zu einer Vielzahl von\n  Vorteile, die Ihre Gesch\u00e4ftsabl\u00e4ufe verbessern. Von\n  Wenn Sie sich mit uns zusammentun, erhalten Sie Zugang zu hochmodernen\n  L\u00f6sungen, die an der Spitze der technologischen Innovation stehen.\n  Unser Expertenteam ist bestrebt, Ihnen unvergleichliche\n  Beratung und Unterst\u00fctzung, die speziell auf Ihre individuellen Bed\u00fcrfnisse zugeschnitten sind\n  Gesch\u00e4ftsanforderungen. Mit der Just-Faster Group als Ihr vertrauensw\u00fcrdiger\n  Partner k\u00f6nnen Sie pers\u00f6nliche Aufmerksamkeit und unersch\u00fctterliche Zuverl\u00e4ssigkeit erwarten.\n  Unterst\u00fctzung bei jedem Schritt, um Ihren Erfolg in der heutigen Zeit zu gew\u00e4hrleisten.\n  dynamischen Marktplatzes.\n            <\/div>\n        <\/div>\n    <\/div>\n    <!-- Segment 10 -->\n    <div class=\"accordion-item\">\n        <h2 class=\"accordion-header\" id=\"headingTen\">\n            <button class=\"accordion-button collapsed\" type=\"button\" data-bs-toggle=\"collapse\" data-bs-target=\"#collapseTen\" aria-expanded=\"false\" aria-controls=\"collapseTen\">\n                <span>10.<\/span> Wie unterscheidet sich die Just-Faster Group von anderen\n  von Konkurrenten?\n            <\/button>\n        <\/h2>\n        <div id=\"collapseTen\" class=\"accordion-collapse collapse\" aria-labelledby=\"headingTen\" data-bs-parent=\"#accordionFAQ\">\n            <div class=\"accordion-body\">\n  Wir von Just-Faster Group unterscheiden uns von\n  Konkurrenten durch eine Kombination von Faktoren, die uns von anderen abheben\n  in der Branche. Unser umfassendes Angebot an Dienstleistungen bietet Ihnen\n  jeden Aspekt Ihrer gesch\u00e4ftlichen Anforderungen, um sicherzustellen, dass wir\n  alle Herausforderungen effektiv und effizient anzugehen. Au\u00dferdem,\n  unser Team verf\u00fcgt \u00fcber umfassende Branchenkenntnisse, die es uns erm\u00f6glichen\n  bieten ma\u00dfgeschneiderte L\u00f6sungen, die auf Ihre spezifischen\n  Anforderungen. Vor allem unser unerm\u00fcdliches Engagement f\u00fcr Spitzenleistungen\n  durchdringt alles, was wir tun, um sicherzustellen, dass Sie nichts\n  aber die h\u00f6chste Qualit\u00e4t an Service und Support von Just-Faster\n  Gruppe.\n            <\/div>\n        <\/div>\n    <\/div>\n    <!-- Segment 11 -->\n    <div class=\"accordion-item\">\n        <h2 class=\"accordion-header\" id=\"headingEleven\">\n            <button class=\"accordion-button collapsed\" type=\"button\" data-bs-toggle=\"collapse\" data-bs-target=\"#collapseEleven\" aria-expanded=\"false\" aria-controls=\"collapseEleven\">\n                <span>11.<\/span> Kann die Just-Faster Group ma\u00dfgeschneiderte L\u00f6sungen anbieten, um\n  unsere speziellen Bed\u00fcrfnisse?\n            <\/button>\n        <\/h2>\n        <div id=\"collapseEleven\" class=\"accordion-collapse collapse\" aria-labelledby=\"headingEleven\" data-bs-parent=\"#accordionFAQ\">\n            <div class=\"accordion-body\">\n  Ja, wir verstehen, dass jedes Unternehmen einzigartig ist und deshalb,\n  bieten wir ma\u00dfgeschneiderte L\u00f6sungen f\u00fcr Ihre speziellen Bed\u00fcrfnisse. Ob\n  Sie Anpassungen ben\u00f6tigen, um bestimmte Herausforderungen zu meistern oder\n  einzigartigen Anforderungen ist unser Team bestrebt, eine\n  personalisierten Ansatz, um sicherzustellen, dass unsere L\u00f6sungen mit den\n  perfekt auf Ihre Unternehmensziele abgestimmt. Mit Just-Faster Group,\n  k\u00f6nnen Sie darauf vertrauen, dass Ihre individuellen Bed\u00fcrfnisse mit\n  Pr\u00e4zision und Fachwissen, um optimale Ergebnisse f\u00fcr Ihre\n  Organisation.\n            <\/div>\n        <\/div>\n    <\/div>\n    <!-- Segment 12 -->\n    <div class=\"accordion-item\">\n        <h2 class=\"accordion-header\" id=\"headingTwelve\">\n            <button class=\"accordion-button collapsed\" type=\"button\" data-bs-toggle=\"collapse\" data-bs-target=\"#collapseTwelve\" aria-expanded=\"false\" aria-controls=\"collapseTwelve\">\n                <span>12.<\/span> Welche Fachkenntnisse haben die Teammitglieder von\n  Just-Faster Group?\n            <\/button>\n        <\/h2>\n        <div id=\"collapseTwelve\" class=\"accordion-collapse collapse\" aria-labelledby=\"headingTwelve\" data-bs-parent=\"#accordionFAQ\">\n            <div class=\"accordion-body\">\n  Die Teammitglieder der Just-Faster Group verf\u00fcgen \u00fcber vielf\u00e4ltige Kompetenzen\n  die sich \u00fcber verschiedene Branchen und Technologien erstrecken. Diese\n  vielf\u00e4ltige F\u00e4higkeiten bef\u00e4higen uns, au\u00dfergew\u00f6hnliche Ergebnisse zu liefern\n  unsere Kunden und stellen sicher, dass wir ein breites\n  eine Reihe von gesch\u00e4ftlichen Herausforderungen und Anforderungen. Mit einer F\u00fclle von\n  Erfahrung und Wissen, ist unser Team bestrebt, Ihnen\n  innovative L\u00f6sungen und das \u00dcbertreffen der Kundenerwartungen bei jeder\n  Schritt.\n            <\/div>\n        <\/div>\n    <\/div>\n    <!-- Segment 13 -->\n    <div class=\"accordion-item\">\n        <h2 class=\"accordion-header\" id=\"headingThirteen\">\n            <button class=\"accordion-button collapsed\" type=\"button\" data-bs-toggle=\"collapse\" data-bs-target=\"#collapseThirteen\" aria-expanded=\"false\" aria-controls=\"collapseThirteen\">\n                <span>13.<\/span> Wie lange ist die Just-Faster Group schon im\n  Gesch\u00e4ft?\n            <\/button>\n        <\/h2>\n        <div id=\"collapseThirteen\" class=\"accordion-collapse collapse\" aria-labelledby=\"headingThirteen\" data-bs-parent=\"#accordionFAQ\">\n            <div class=\"accordion-body\">\n  Die Just-Faster Group ist seit 2 Jahren t\u00e4tig und hat sich als\n  ein Spin-off eines unserer gesch\u00e4tzten Mitgliedsunternehmen, QPES.\n  In dieser relativ kurzen Zeitspanne haben wir unsere\n  Position durch das Angebot innovativer L\u00f6sungen und die Bereitstellung von\n  beispielhaften Service f\u00fcr unsere gesch\u00e4tzten Kunden. Unser Engagement f\u00fcr\n  Exzellenz und Engagement f\u00fcr die Kundenzufriedenheit waren der Schl\u00fcssel\n  sind die treibenden Kr\u00e4fte hinter unserem Wachstum und Erfolg in der Branche.\n            <\/div>\n        <\/div>\n    <\/div>\n    <!-- Segment 14 -->\n    <div class=\"accordion-item\">\n        <h2 class=\"accordion-header\" id=\"headingFourteen\">\n            <button class=\"accordion-button collapsed\" type=\"button\" data-bs-toggle=\"collapse\" data-bs-target=\"#collapseFourteen\" aria-expanded=\"false\" aria-controls=\"collapseFourteen\">\n                <span>14.<\/span> Wie ist die Preisstruktur f\u00fcr Dienstleistungen\n  bereitgestellt von der Just-Faster Group?\n            <\/button>\n        <\/h2>\n        <div id=\"collapseFourteen\" class=\"accordion-collapse collapse\" aria-labelledby=\"headingFourteen\" data-bs-parent=\"#accordionFAQ\">\n            <div class=\"accordion-body\">\n  Die Preisstruktur f\u00fcr die von der Just-Faster Group angebotenen Dienstleistungen\n  ist auf den einzigartigen Umfang und die Komplexit\u00e4t eines jeden Projekts zugeschnitten. Wir\n  verstehen, dass jeder Kunde andere Anforderungen hat, und unser\n  Die Preisgestaltung spiegelt diese Anpassung wider. Um ein personalisiertes\n  Angebot auf der Grundlage Ihrer spezifischen Bed\u00fcrfnisse zu erstellen, bitten wir Sie, sich mit uns in Verbindung zu setzen.\n  setzen Sie sich direkt mit uns in Verbindung. Unser Team wird eng mit Ihnen zusammenarbeiten, um\n  Ihre Projektanforderungen verstehen und Ihnen ein\n  einen detaillierten und individuellen Preisvorschlag. Kontaktieren Sie uns noch heute, um\n  besprechen Sie Ihr Projekt und erhalten Sie ein individuelles Angebot.\n            <\/div>\n        <\/div>\n    <\/div>\n    <!-- Segment 15 -->\n    <div class=\"accordion-item\">\n        <h2 class=\"accordion-header\" id=\"headingFifteen\">\n            <button class=\"accordion-button collapsed\" type=\"button\" data-bs-toggle=\"collapse\" data-bs-target=\"#collapseFifteen\" aria-expanded=\"false\" aria-controls=\"collapseFifteen\">\n                <span>15.<\/span> Wie kann ich mit der Just-Faster Group in Kontakt treten?\n  um meine gesch\u00e4ftlichen Bed\u00fcrfnisse zu besprechen?\n            <\/button>\n        <\/h2>\n        <div id=\"collapseFifteen\" class=\"accordion-collapse collapse\" aria-labelledby=\"headingFifteen\" data-bs-parent=\"#accordionFAQ\">\n            <div class=\"accordion-body\">\n  Sie haben mehrere bequeme M\u00f6glichkeiten zur Kontaktaufnahme mit\n  uns. Sie k\u00f6nnen damit beginnen, indem Sie die Kontaktformulare ausf\u00fcllen, die auf\n  unsere Website und liefern uns erste Informationen \u00fcber\n  Ihre Anforderungen. Alternativ k\u00f6nnen Sie sich auch an uns wenden\n  direkt, indem Sie unsere Telefonnummer anrufen oder uns eine E-Mail schicken. Unser\n  Team steht Ihnen jederzeit zur Verf\u00fcgung, um Sie zu unterst\u00fctzen und alle\n  Fragen oder Bedenken, die Sie haben k\u00f6nnten. Wir erwarten mit Spannung die\n  Gelegenheit, mit Ihnen in Kontakt zu treten und zu erkunden, wie Just-Faster\n  Group kann Ihre Gesch\u00e4ftsziele unterst\u00fctzen.\n            <\/div>\n        <\/div>\n    <\/div>\n<\/div>\n<\/div><\/div>\n\n\n\n<div style=\"height:4rem\" aria-hidden=\"true\" class=\"wp-block-spacer\"><\/div>\n<\/div><\/div>\n<\/div><\/div>\n<\/div><\/div>\n","protected":false},"excerpt":{"rendered":"","protected":false},"author":1,"featured_media":0,"parent":0,"menu_order":0,"comment_status":"closed","ping_status":"closed","template":"","meta":{"om_disable_all_campaigns":false,"_monsterinsights_skip_tracking":false,"_monsterinsights_sitenote_active":false,"_monsterinsights_sitenote_note":"","_monsterinsights_sitenote_category":0,"footnotes":""},"class_list":["post-1453","page","type-page","status-publish","hentry"],"aioseo_notices":[],"_links":{"self":[{"href":"https:\/\/just-faster.com\/de\/wp-json\/wp\/v2\/pages\/1453","targetHints":{"allow":["GET"]}}],"collection":[{"href":"https:\/\/just-faster.com\/de\/wp-json\/wp\/v2\/pages"}],"about":[{"href":"https:\/\/just-faster.com\/de\/wp-json\/wp\/v2\/types\/page"}],"author":[{"embeddable":true,"href":"https:\/\/just-faster.com\/de\/wp-json\/wp\/v2\/users\/1"}],"replies":[{"embeddable":true,"href":"https:\/\/just-faster.com\/de\/wp-json\/wp\/v2\/comments?post=1453"}],"version-history":[{"count":1,"href":"https:\/\/just-faster.com\/de\/wp-json\/wp\/v2\/pages\/1453\/revisions"}],"predecessor-version":[{"id":1454,"href":"https:\/\/just-faster.com\/de\/wp-json\/wp\/v2\/pages\/1453\/revisions\/1454"}],"wp:attachment":[{"href":"https:\/\/just-faster.com\/de\/wp-json\/wp\/v2\/media?parent=1453"}],"curies":[{"name":"wp","href":"https:\/\/api.w.org\/{rel}","templated":true}]}}